{"id":290,"date":"2023-12-18T22:07:03","date_gmt":"2023-12-18T21:07:03","guid":{"rendered":"https:\/\/mathematiquesdiscretes.fr\/?page_id=290"},"modified":"2024-03-30T19:36:57","modified_gmt":"2024-03-30T18:36:57","slug":"foire-aux-questions","status":"publish","type":"page","link":"https:\/\/mathematiquesdiscretes.fr\/index.php\/foire-aux-questions\/","title":{"rendered":"Foire aux Questions"},"content":{"rendered":"\t\t<div data-elementor-type=\"wp-page\" data-elementor-id=\"290\" class=\"elementor elementor-290\" data-elementor-post-type=\"page\">\n\t\t\t\t<div class=\"elementor-element elementor-element-21643b4 e-flex e-con-boxed e-con e-parent\" data-id=\"21643b4\" data-element_type=\"container\" data-e-type=\"container\">\n\t\t\t\t\t<div class=\"e-con-inner\">\n\t\t\t\t<div class=\"elementor-element elementor-element-d0ea795 elementor-widget elementor-widget-heading\" data-id=\"d0ea795\" data-element_type=\"widget\" data-e-type=\"widget\" data-widget_type=\"heading.default\">\n\t\t\t\t<div class=\"elementor-widget-container\">\n\t\t\t\t\t<h2 class=\"elementor-heading-title elementor-size-default\">Quel niveau en math\u00e9matiques faut-il avoir ?<\/h2>\t\t\t\t<\/div>\n\t\t\t\t<\/div>\n\t\t\t\t<div class=\"elementor-element elementor-element-23ec7a4 elementor-widget elementor-widget-text-editor\" data-id=\"23ec7a4\" data-element_type=\"widget\" data-e-type=\"widget\" data-widget_type=\"text-editor.default\">\n\t\t\t\t<div class=\"elementor-widget-container\">\n\t\t\t\t\t\t\t\t\t<p>Tous les niveaux sont accept\u00e9s, tous \u00e2ges. Le plus important est soit d\u2019aimer les math\u00e9matiques, soit l&rsquo;envie de d\u00e9couvrir les math\u00e9matiques.<\/p><p>Nous avons 3 niveaux dans le club : d\u00e9butant, interm\u00e9diare et avanc\u00e9. Tu progresses \u00e0 ton rythme et tu \u00e9volues\u00a0 d&rsquo;un groupe \u00e0 un autre. Les cours sont libres, tu peux passer de l&rsquo;un \u00e0 l&rsquo;autre en fonction de tes facilit\u00e9s.<\/p>\t\t\t\t\t\t\t\t<\/div>\n\t\t\t\t<\/div>\n\t\t\t\t\t<\/div>\n\t\t\t\t<\/div>\n\t\t<div class=\"elementor-element elementor-element-6dcfc89 e-flex e-con-boxed e-con e-parent\" data-id=\"6dcfc89\" data-element_type=\"container\" data-e-type=\"container\">\n\t\t\t\t\t<div class=\"e-con-inner\">\n\t\t\t\t<div class=\"elementor-element elementor-element-20ed65c elementor-widget elementor-widget-heading\" data-id=\"20ed65c\" data-element_type=\"widget\" data-e-type=\"widget\" data-widget_type=\"heading.default\">\n\t\t\t\t<div class=\"elementor-widget-container\">\n\t\t\t\t\t<h2 class=\"elementor-heading-title elementor-size-default\">A partir de quelle classe de coll\u00e8ge peut-on venir au club?<\/h2>\t\t\t\t<\/div>\n\t\t\t\t<\/div>\n\t\t\t\t<div class=\"elementor-element elementor-element-017a976 elementor-widget elementor-widget-text-editor\" data-id=\"017a976\" data-element_type=\"widget\" data-e-type=\"widget\" data-widget_type=\"text-editor.default\">\n\t\t\t\t<div class=\"elementor-widget-container\">\n\t\t\t\t\t\t\t\t\t<p>C&rsquo;est tr\u00e8s ouvert, de nouveaux participant(e)s commencent \u00e0 venir au club lors de toutes les ann\u00e9es du coll\u00e8ge et du lyc\u00e9e et nous avons parfois quelques \u00e9l\u00e8ves en fin de primaire! N\u00e9anmoins il nous semble que d\u00e9marrer en classe de cinqui\u00e8me est peut-\u00eatre mieux.<\/p><p>Si tu n&rsquo;es pas encore en classe de cinqui\u00e8me, mais tu penses avoir le m\u00eame niveau en math\u00e9matiques qu&rsquo;un<br \/>bon \u00e9l\u00e8ve de cinqui\u00e8me, et tu as envie d&rsquo;apprendre des math\u00e9matiques passionnantes deux dimanches par mois de 11h30 \u00e0 16h00 (avec une pause de 13h30 \u00e0 14h00), tu peux t&rsquo;inscrire au club en cochant la classe de cinqui\u00e8me tout en pr\u00e9cisant comme remarque ta v\u00e9ritable classe.<\/p>\t\t\t\t\t\t\t\t<\/div>\n\t\t\t\t<\/div>\n\t\t\t\t<div class=\"elementor-element elementor-element-def7e78 elementor-widget elementor-widget-heading\" data-id=\"def7e78\" data-element_type=\"widget\" data-e-type=\"widget\" data-widget_type=\"heading.default\">\n\t\t\t\t<div class=\"elementor-widget-container\">\n\t\t\t\t\t<h5 class=\"elementor-heading-title elementor-size-default\">Les cours sont-ils payants ?<\/h5>\t\t\t\t<\/div>\n\t\t\t\t<\/div>\n\t\t\t\t<div class=\"elementor-element elementor-element-5020020 elementor-widget elementor-widget-text-editor\" data-id=\"5020020\" data-element_type=\"widget\" data-e-type=\"widget\" data-widget_type=\"text-editor.default\">\n\t\t\t\t<div class=\"elementor-widget-container\">\n\t\t\t\t\t\t\t\t\t<p>Non, pas du tout<\/p>\t\t\t\t\t\t\t\t<\/div>\n\t\t\t\t<\/div>\n\t\t\t\t<div class=\"elementor-element elementor-element-cb2ca06 elementor-widget elementor-widget-heading\" data-id=\"cb2ca06\" data-element_type=\"widget\" data-e-type=\"widget\" data-widget_type=\"heading.default\">\n\t\t\t\t<div class=\"elementor-widget-container\">\n\t\t\t\t\t<h5 class=\"elementor-heading-title elementor-size-default\">Puis-je venir si je ne suis pas de Lyon ?<\/h5>\t\t\t\t<\/div>\n\t\t\t\t<\/div>\n\t\t\t\t<div class=\"elementor-element elementor-element-18d4b8c elementor-widget elementor-widget-text-editor\" data-id=\"18d4b8c\" data-element_type=\"widget\" data-e-type=\"widget\" data-widget_type=\"text-editor.default\">\n\t\t\t\t<div class=\"elementor-widget-container\">\n\t\t\t\t\t\t\t\t\t<p>Bien s\u00fbr ! Nous accueillons tout le monde et nous pouvons fournir des certificats de pr\u00e9sence pour b\u00e9n\u00e9ficier de tarifs r\u00e9duits sur les transports. Nous sommes \u00e0 proximit\u00e9 des transports en commun pour que l&rsquo;on puisse nous rejoindre plus facilement.<\/p><p>On peut minimiser les frais de voyage gr\u00e2ce aux tarifs\u00a0<a href=\"https:\/\/www.ter.sncf.com\/auvergne-rhone-alpes\/tarifs-cartes\/cartes-reduction\/illico-liberte-jeunes\">ILLICO LIBERT\u00c9 JEUNES<\/a>,\u00a0<a href=\"https:\/\/www.sncf-voyageurs.com\/fr\/voyagez-avec-nous\/en-france\/tarifs-grandes-lignes\/carte-avantage\/carte-avantage-jeune\/\">AVANTAGE JEUNE<\/a>,\u00a0<a href=\"https:\/\/www.sncf-voyageurs.com\/fr\/voyagez-avec-nous\/en-france\/tarifs-grandes-lignes\/eleves-etudiants-et-apprentis\/\">\u00c9L\u00c8VE-\u00c9TUDIANT-APPRENTI<\/a>, etc.<\/p>\t\t\t\t\t\t\t\t<\/div>\n\t\t\t\t<\/div>\n\t\t\t\t<div class=\"elementor-element elementor-element-4f7dd69 elementor-widget elementor-widget-heading\" data-id=\"4f7dd69\" data-element_type=\"widget\" data-e-type=\"widget\" data-widget_type=\"heading.default\">\n\t\t\t\t<div class=\"elementor-widget-container\">\n\t\t\t\t\t<h5 class=\"elementor-heading-title elementor-size-default\">Dois-je venir \u00e0 tous les cours du dimanche ?<\/h5>\t\t\t\t<\/div>\n\t\t\t\t<\/div>\n\t\t\t\t<div class=\"elementor-element elementor-element-8badd42 elementor-widget elementor-widget-text-editor\" data-id=\"8badd42\" data-element_type=\"widget\" data-e-type=\"widget\" data-widget_type=\"text-editor.default\">\n\t\t\t\t<div class=\"elementor-widget-container\">\n\t\t\t\t\t\t\t\t\t<p>Non pas du tout, la participation est libre. mais plus tu viens, plus tu progresses. Le principal est de venir avec plaisir pour t&rsquo;\u00e9panouir<\/p>\t\t\t\t\t\t\t\t<\/div>\n\t\t\t\t<\/div>\n\t\t\t\t<div class=\"elementor-element elementor-element-a69579d elementor-widget elementor-widget-heading\" data-id=\"a69579d\" data-element_type=\"widget\" data-e-type=\"widget\" data-widget_type=\"heading.default\">\n\t\t\t\t<div class=\"elementor-widget-container\">\n\t\t\t\t\t<h5 class=\"elementor-heading-title elementor-size-default\">Quels sont les horaires ?<\/h5>\t\t\t\t<\/div>\n\t\t\t\t<\/div>\n\t\t\t\t<div class=\"elementor-element elementor-element-a3403db elementor-widget elementor-widget-text-editor\" data-id=\"a3403db\" data-element_type=\"widget\" data-e-type=\"widget\" data-widget_type=\"text-editor.default\">\n\t\t\t\t<div class=\"elementor-widget-container\">\n\t\t\t\t\t\t\t\t\t<p>En g\u00e9n\u00e9ral, de 11h30 \u00e0 18h30 pour les groupes interm\u00e9diaires et avanc\u00e9s et 11h30 \u00e0 16h00 pour le groupe d\u00e9butant.<\/p>\t\t\t\t\t\t\t\t<\/div>\n\t\t\t\t<\/div>\n\t\t\t\t<div class=\"elementor-element elementor-element-b6a8694 elementor-widget elementor-widget-heading\" data-id=\"b6a8694\" data-element_type=\"widget\" data-e-type=\"widget\" data-widget_type=\"heading.default\">\n\t\t\t\t<div class=\"elementor-widget-container\">\n\t\t\t\t\t<h2 class=\"elementor-heading-title elementor-size-default\">Je ne suis pas assez bon en maths et je voudrais remonter mon niveau, est-ce que je peux venir au club?<\/h2>\t\t\t\t<\/div>\n\t\t\t\t<\/div>\n\t\t\t\t<div class=\"elementor-element elementor-element-75dd1ab elementor-widget elementor-widget-text-editor\" data-id=\"75dd1ab\" data-element_type=\"widget\" data-e-type=\"widget\" data-widget_type=\"text-editor.default\">\n\t\t\t\t<div class=\"elementor-widget-container\">\n\t\t\t\t\t\t\t\t\t<p>Les maths pratiqu\u00e9es au club sont diff\u00e9rentes de celles du programme de coll\u00e8ges et lyc\u00e9es, par leur contenu et par la fa\u00e7on de les aborder ensemble. Le passage par le club peut te faire gagner en vitesse et compr\u00e9hension mais ne te dispensera pas d&rsquo;apprendre tes cours!<\/p>\t\t\t\t\t\t\t\t<\/div>\n\t\t\t\t<\/div>\n\t\t\t\t<div class=\"elementor-element elementor-element-634776f elementor-widget elementor-widget-heading\" data-id=\"634776f\" data-element_type=\"widget\" data-e-type=\"widget\" data-widget_type=\"heading.default\">\n\t\t\t\t<div class=\"elementor-widget-container\">\n\t\t\t\t\t<h2 class=\"elementor-heading-title elementor-size-default\">Je voudrais bien venir au club mais j'ai une activit\u00e9 sportive le dimanche, que faire?<\/h2>\t\t\t\t<\/div>\n\t\t\t\t<\/div>\n\t\t\t\t<div class=\"elementor-element elementor-element-aa7b5ce elementor-widget elementor-widget-text-editor\" data-id=\"aa7b5ce\" data-element_type=\"widget\" data-e-type=\"widget\" data-widget_type=\"text-editor.default\">\n\t\t\t\t<div class=\"elementor-widget-container\">\n\t\t\t\t\t\t\t\t\t<div>Le club est vu par certains comme une activit\u00e9 sportive! A toi de choisir celle qui te plaira davantage. Tu peux aussi varier tes plaisirs, en tout cas la participation est gratuite.<\/div><div>\u00a0<\/div>\t\t\t\t\t\t\t\t<\/div>\n\t\t\t\t<\/div>\n\t\t\t\t<div class=\"elementor-element elementor-element-0d2b8ef elementor-widget elementor-widget-heading\" data-id=\"0d2b8ef\" data-element_type=\"widget\" data-e-type=\"widget\" data-widget_type=\"heading.default\">\n\t\t\t\t<div class=\"elementor-widget-container\">\n\t\t\t\t\t<h2 class=\"elementor-heading-title elementor-size-default\">Je voudrais bien venir mais j'ai peur de ne pas avoir le niveau, est-ce que je dois attendre de m'am\u00e9liorer un peu?<\/h2>\t\t\t\t<\/div>\n\t\t\t\t<\/div>\n\t\t\t\t<div class=\"elementor-element elementor-element-012ddf8 elementor-widget elementor-widget-text-editor\" data-id=\"012ddf8\" data-element_type=\"widget\" data-e-type=\"widget\" data-widget_type=\"text-editor.default\">\n\t\t\t\t<div class=\"elementor-widget-container\">\n\t\t\t\t\t\t\t\t\t<div>C&rsquo;est tout le contraire! c&rsquo;est en venant au club que tu pourras am\u00e9liorer tes capacit\u00e9s de raisonnement math\u00e9matique. Il y a un niveau d\u00e9butant avec&#8230; des d\u00e9butant(e)s et en g\u00e9n\u00e9ral on y passe un bon moment tous ensemble.<\/div>\t\t\t\t\t\t\t\t<\/div>\n\t\t\t\t<\/div>\n\t\t\t\t<div class=\"elementor-element elementor-element-a0af3e7 elementor-widget elementor-widget-heading\" data-id=\"a0af3e7\" data-element_type=\"widget\" data-e-type=\"widget\" data-widget_type=\"heading.default\">\n\t\t\t\t<div class=\"elementor-widget-container\">\n\t\t\t\t\t<h2 class=\"elementor-heading-title elementor-size-default\">Est-ce que je devrais lire des livres  pour pr\u00e9parer le cours avant de m'inscrire et de venir?<\/h2>\t\t\t\t<\/div>\n\t\t\t\t<\/div>\n\t\t\t\t<div class=\"elementor-element elementor-element-8ba9904 elementor-widget elementor-widget-text-editor\" data-id=\"8ba9904\" data-element_type=\"widget\" data-e-type=\"widget\" data-widget_type=\"text-editor.default\">\n\t\t\t\t<div class=\"elementor-widget-container\">\n\t\t\t\t\t\t\t\t\t<p>Si tu essayes de faire cela tu vas perdre du temps, le club utilise une p\u00e9dagogie diff\u00e9rente pour l&rsquo;apprentissage, bas\u00e9e sur la r\u00e9solution de probl\u00e8mes avec beaucoup d&rsquo;interactions et relativement peu de cours, viens plut\u00f4t voir sur place comment \u00e7a se passe.<\/p>\t\t\t\t\t\t\t\t<\/div>\n\t\t\t\t<\/div>\n\t\t\t\t<div class=\"elementor-element elementor-element-93fc77e elementor-widget elementor-widget-heading\" data-id=\"93fc77e\" data-element_type=\"widget\" data-e-type=\"widget\" data-widget_type=\"heading.default\">\n\t\t\t\t<div class=\"elementor-widget-container\">\n\t\t\t\t\t<h2 class=\"elementor-heading-title elementor-size-default\">Je suis une fille et je me demande s'il y en a beaucoup qui viennent au club?<\/h2>\t\t\t\t<\/div>\n\t\t\t\t<\/div>\n\t\t\t\t<div class=\"elementor-element elementor-element-9e419c5 elementor-widget elementor-widget-text-editor\" data-id=\"9e419c5\" data-element_type=\"widget\" data-e-type=\"widget\" data-widget_type=\"text-editor.default\">\n\t\t\t\t<div class=\"elementor-widget-container\">\n\t\t\t\t\t\t\t\t\t<p>La proportion change chaque ann\u00e9e mais nous avons environ 30% de filles. Tu peux d&rsquo;ailleurs contribuer \u00e0 cette augmentation en venant!<\/p>\t\t\t\t\t\t\t\t<\/div>\n\t\t\t\t<\/div>\n\t\t\t\t\t<\/div>\n\t\t\t\t<\/div>\n\t\t\t\t<\/div>\n\t\t","protected":false},"excerpt":{"rendered":"<p>Quel niveau en math\u00e9matiques faut-il avoir ? Tous les niveaux sont accept\u00e9s, tous \u00e2ges. Le plus important est soit d\u2019aimer les math\u00e9matiques, soit l&rsquo;envie de d\u00e9couvrir les math\u00e9matiques. Nous avons [&hellip;]<\/p>\n","protected":false},"author":1,"featured_media":0,"parent":0,"menu_order":0,"comment_status":"closed","ping_status":"closed","template":"","meta":{"footnotes":""},"class_list":["post-290","page","type-page","status-publish","hentry"],"yoast_head":"<!-- This site is optimized with the Yoast SEO plugin v27.4 - https:\/\/yoast.com\/product\/yoast-seo-wordpress\/ -->\n<title>Foire aux Questions - Math\u00e9matiques discr\u00e8tes<\/title>\n<meta name=\"robots\" content=\"index, follow, max-snippet:-1, max-image-preview:large, max-video-preview:-1\" \/>\n<link rel=\"canonical\" href=\"https:\/\/mathematiquesdiscretes.fr\/index.php\/foire-aux-questions\/\" \/>\n<meta property=\"og:locale\" content=\"fr_FR\" \/>\n<meta property=\"og:type\" content=\"article\" \/>\n<meta property=\"og:title\" content=\"Foire aux Questions - Math\u00e9matiques discr\u00e8tes\" \/>\n<meta property=\"og:description\" content=\"Quel niveau en math\u00e9matiques faut-il avoir ? Tous les niveaux sont accept\u00e9s, tous \u00e2ges. Le plus important est soit d\u2019aimer les math\u00e9matiques, soit l&rsquo;envie de d\u00e9couvrir les math\u00e9matiques. Nous avons [&hellip;]\" \/>\n<meta property=\"og:url\" content=\"https:\/\/mathematiquesdiscretes.fr\/index.php\/foire-aux-questions\/\" \/>\n<meta property=\"og:site_name\" content=\"Math\u00e9matiques discr\u00e8tes\" \/>\n<meta property=\"article:modified_time\" content=\"2024-03-30T18:36:57+00:00\" \/>\n<meta name=\"twitter:card\" content=\"summary_large_image\" \/>\n<meta name=\"twitter:label1\" content=\"Dur\u00e9e de lecture estim\u00e9e\" \/>\n\t<meta name=\"twitter:data1\" content=\"3 minutes\" \/>\n<script type=\"application\/ld+json\" class=\"yoast-schema-graph\">{\"@context\":\"https:\\\/\\\/schema.org\",\"@graph\":[{\"@type\":\"WebPage\",\"@id\":\"https:\\\/\\\/mathematiquesdiscretes.fr\\\/index.php\\\/foire-aux-questions\\\/\",\"url\":\"https:\\\/\\\/mathematiquesdiscretes.fr\\\/index.php\\\/foire-aux-questions\\\/\",\"name\":\"Foire aux Questions - Math\u00e9matiques discr\u00e8tes\",\"isPartOf\":{\"@id\":\"http:\\\/\\\/mathematiquesdiscretes.fr\\\/#website\"},\"datePublished\":\"2023-12-18T21:07:03+00:00\",\"dateModified\":\"2024-03-30T18:36:57+00:00\",\"breadcrumb\":{\"@id\":\"https:\\\/\\\/mathematiquesdiscretes.fr\\\/index.php\\\/foire-aux-questions\\\/#breadcrumb\"},\"inLanguage\":\"fr-FR\",\"potentialAction\":[{\"@type\":\"ReadAction\",\"target\":[\"https:\\\/\\\/mathematiquesdiscretes.fr\\\/index.php\\\/foire-aux-questions\\\/\"]}]},{\"@type\":\"BreadcrumbList\",\"@id\":\"https:\\\/\\\/mathematiquesdiscretes.fr\\\/index.php\\\/foire-aux-questions\\\/#breadcrumb\",\"itemListElement\":[{\"@type\":\"ListItem\",\"position\":1,\"name\":\"Accueil\",\"item\":\"http:\\\/\\\/mathematiquesdiscretes.fr\\\/\"},{\"@type\":\"ListItem\",\"position\":2,\"name\":\"Foire aux Questions\"}]},{\"@type\":\"WebSite\",\"@id\":\"http:\\\/\\\/mathematiquesdiscretes.fr\\\/#website\",\"url\":\"http:\\\/\\\/mathematiquesdiscretes.fr\\\/\",\"name\":\"Math\u00e9matiques discr\u00e8tes\",\"description\":\"Un site utilisant WordPress\",\"publisher\":{\"@id\":\"http:\\\/\\\/mathematiquesdiscretes.fr\\\/#organization\"},\"potentialAction\":[{\"@type\":\"SearchAction\",\"target\":{\"@type\":\"EntryPoint\",\"urlTemplate\":\"http:\\\/\\\/mathematiquesdiscretes.fr\\\/?s={search_term_string}\"},\"query-input\":{\"@type\":\"PropertyValueSpecification\",\"valueRequired\":true,\"valueName\":\"search_term_string\"}}],\"inLanguage\":\"fr-FR\"},{\"@type\":\"Organization\",\"@id\":\"http:\\\/\\\/mathematiquesdiscretes.fr\\\/#organization\",\"name\":\"Math\u00e9matiques discr\u00e8tes\",\"url\":\"http:\\\/\\\/mathematiquesdiscretes.fr\\\/\",\"logo\":{\"@type\":\"ImageObject\",\"inLanguage\":\"fr-FR\",\"@id\":\"http:\\\/\\\/mathematiquesdiscretes.fr\\\/#\\\/schema\\\/logo\\\/image\\\/\",\"url\":\"https:\\\/\\\/mathematiquesdiscretes.fr\\\/wp-content\\\/uploads\\\/2023\\\/10\\\/Sans-titre.png\",\"contentUrl\":\"https:\\\/\\\/mathematiquesdiscretes.fr\\\/wp-content\\\/uploads\\\/2023\\\/10\\\/Sans-titre.png\",\"width\":385,\"height\":336,\"caption\":\"Math\u00e9matiques discr\u00e8tes\"},\"image\":{\"@id\":\"http:\\\/\\\/mathematiquesdiscretes.fr\\\/#\\\/schema\\\/logo\\\/image\\\/\"}}]}<\/script>\n<!-- \/ Yoast SEO plugin. -->","yoast_head_json":{"title":"Foire aux Questions - Math\u00e9matiques discr\u00e8tes","robots":{"index":"index","follow":"follow","max-snippet":"max-snippet:-1","max-image-preview":"max-image-preview:large","max-video-preview":"max-video-preview:-1"},"canonical":"https:\/\/mathematiquesdiscretes.fr\/index.php\/foire-aux-questions\/","og_locale":"fr_FR","og_type":"article","og_title":"Foire aux Questions - Math\u00e9matiques discr\u00e8tes","og_description":"Quel niveau en math\u00e9matiques faut-il avoir ? Tous les niveaux sont accept\u00e9s, tous \u00e2ges. Le plus important est soit d\u2019aimer les math\u00e9matiques, soit l&rsquo;envie de d\u00e9couvrir les math\u00e9matiques. Nous avons [&hellip;]","og_url":"https:\/\/mathematiquesdiscretes.fr\/index.php\/foire-aux-questions\/","og_site_name":"Math\u00e9matiques discr\u00e8tes","article_modified_time":"2024-03-30T18:36:57+00:00","twitter_card":"summary_large_image","twitter_misc":{"Dur\u00e9e de lecture estim\u00e9e":"3 minutes"},"schema":{"@context":"https:\/\/schema.org","@graph":[{"@type":"WebPage","@id":"https:\/\/mathematiquesdiscretes.fr\/index.php\/foire-aux-questions\/","url":"https:\/\/mathematiquesdiscretes.fr\/index.php\/foire-aux-questions\/","name":"Foire aux Questions - Math\u00e9matiques discr\u00e8tes","isPartOf":{"@id":"http:\/\/mathematiquesdiscretes.fr\/#website"},"datePublished":"2023-12-18T21:07:03+00:00","dateModified":"2024-03-30T18:36:57+00:00","breadcrumb":{"@id":"https:\/\/mathematiquesdiscretes.fr\/index.php\/foire-aux-questions\/#breadcrumb"},"inLanguage":"fr-FR","potentialAction":[{"@type":"ReadAction","target":["https:\/\/mathematiquesdiscretes.fr\/index.php\/foire-aux-questions\/"]}]},{"@type":"BreadcrumbList","@id":"https:\/\/mathematiquesdiscretes.fr\/index.php\/foire-aux-questions\/#breadcrumb","itemListElement":[{"@type":"ListItem","position":1,"name":"Accueil","item":"http:\/\/mathematiquesdiscretes.fr\/"},{"@type":"ListItem","position":2,"name":"Foire aux Questions"}]},{"@type":"WebSite","@id":"http:\/\/mathematiquesdiscretes.fr\/#website","url":"http:\/\/mathematiquesdiscretes.fr\/","name":"Math\u00e9matiques discr\u00e8tes","description":"Un site utilisant WordPress","publisher":{"@id":"http:\/\/mathematiquesdiscretes.fr\/#organization"},"potentialAction":[{"@type":"SearchAction","target":{"@type":"EntryPoint","urlTemplate":"http:\/\/mathematiquesdiscretes.fr\/?s={search_term_string}"},"query-input":{"@type":"PropertyValueSpecification","valueRequired":true,"valueName":"search_term_string"}}],"inLanguage":"fr-FR"},{"@type":"Organization","@id":"http:\/\/mathematiquesdiscretes.fr\/#organization","name":"Math\u00e9matiques discr\u00e8tes","url":"http:\/\/mathematiquesdiscretes.fr\/","logo":{"@type":"ImageObject","inLanguage":"fr-FR","@id":"http:\/\/mathematiquesdiscretes.fr\/#\/schema\/logo\/image\/","url":"https:\/\/mathematiquesdiscretes.fr\/wp-content\/uploads\/2023\/10\/Sans-titre.png","contentUrl":"https:\/\/mathematiquesdiscretes.fr\/wp-content\/uploads\/2023\/10\/Sans-titre.png","width":385,"height":336,"caption":"Math\u00e9matiques discr\u00e8tes"},"image":{"@id":"http:\/\/mathematiquesdiscretes.fr\/#\/schema\/logo\/image\/"}}]}},"_links":{"self":[{"href":"https:\/\/mathematiquesdiscretes.fr\/index.php\/wp-json\/wp\/v2\/pages\/290","targetHints":{"allow":["GET"]}}],"collection":[{"href":"https:\/\/mathematiquesdiscretes.fr\/index.php\/wp-json\/wp\/v2\/pages"}],"about":[{"href":"https:\/\/mathematiquesdiscretes.fr\/index.php\/wp-json\/wp\/v2\/types\/page"}],"author":[{"embeddable":true,"href":"https:\/\/mathematiquesdiscretes.fr\/index.php\/wp-json\/wp\/v2\/users\/1"}],"replies":[{"embeddable":true,"href":"https:\/\/mathematiquesdiscretes.fr\/index.php\/wp-json\/wp\/v2\/comments?post=290"}],"version-history":[{"count":52,"href":"https:\/\/mathematiquesdiscretes.fr\/index.php\/wp-json\/wp\/v2\/pages\/290\/revisions"}],"predecessor-version":[{"id":390,"href":"https:\/\/mathematiquesdiscretes.fr\/index.php\/wp-json\/wp\/v2\/pages\/290\/revisions\/390"}],"wp:attachment":[{"href":"https:\/\/mathematiquesdiscretes.fr\/index.php\/wp-json\/wp\/v2\/media?parent=290"}],"curies":[{"name":"wp","href":"https:\/\/api.w.org\/{rel}","templated":true}]}}