{"id":464,"date":"2025-02-28T05:38:01","date_gmt":"2025-02-28T04:38:01","guid":{"rendered":"https:\/\/mathematiquesdiscretes.fr\/?page_id=464"},"modified":"2026-02-07T09:12:27","modified_gmt":"2026-02-07T08:12:27","slug":"cours-intensifs","status":"publish","type":"page","link":"https:\/\/mathematiquesdiscretes.fr\/index.php\/cours-intensifs\/","title":{"rendered":"Cours intensifs"},"content":{"rendered":"\t\t<div data-elementor-type=\"wp-page\" data-elementor-id=\"464\" class=\"elementor elementor-464\" data-elementor-post-type=\"page\">\n\t\t\t\t<div class=\"elementor-element elementor-element-b889df5 e-flex e-con-boxed e-con e-parent\" data-id=\"b889df5\" data-element_type=\"container\" data-e-type=\"container\">\n\t\t\t\t\t<div class=\"e-con-inner\">\n\t\t\t\t<div class=\"elementor-element elementor-element-d247866 elementor-widget elementor-widget-text-editor\" data-id=\"d247866\" data-element_type=\"widget\" data-e-type=\"widget\" data-widget_type=\"text-editor.default\">\n\t\t\t\t<div class=\"elementor-widget-container\">\n\t\t\t\t\t\t\t\t\t<p style=\"text-align: center;\"><b>Pour celles et ceux qui veulent participer aux cours intensifs du mois d&rsquo;avril 2026 un tarif n\u00e9goci\u00e9 avec l&rsquo;hotel B&amp;B Caluire Cit\u00e9 Internationale est disponible.<\/b><\/p><p><b><u>Tarifs<\/u><\/b><\/p><div>69\u20ac \/ Chambre \/ Nuit<\/div><div>11\u20ac50\/ Petit D\u00e9jeuner \/ Nuit<\/div><div>1\u20ac65 \/ Taxe de S\u00e9jour \/ Nuit (Pour personnes majeurs)<\/div><div>\u00a0<\/div><div>Veuillez remplir un <b>seul<\/b> formulaire par chambre.<\/div><div>En cas de modification, vous pouvez nous contacter au bb_4587@hotelbb.com.<\/div><div>\u00a0<\/div><div>En cas de paiement par virement l&rsquo;h\u00f4tel enverra le R.I.B. n&rsquo;h\u00e9sitez pas \u00e0 revenir vers nous si vous ne le recevez pas.<\/div><div>\u00a0<\/div><div><b><u>Attention<\/u> <\/b>: Le nombre de lits TWIN (deux lits individuels) sont tr\u00e8s demand\u00e9es, surtout pendant les stages BODO, veuillez \u00e0 faire votre r\u00e9servation le plus en avance possible pour \u00eatre sur d&rsquo;en avoir une !<\/div>\t\t\t\t\t\t\t\t<\/div>\n\t\t\t\t<\/div>\n\t\t\t\t\t<\/div>\n\t\t\t\t<\/div>\n\t\t<div class=\"elementor-element elementor-element-1a85dc0 e-flex e-con-boxed e-con e-parent\" data-id=\"1a85dc0\" data-element_type=\"container\" data-e-type=\"container\">\n\t\t\t\t\t<div class=\"e-con-inner\">\n\t\t\t\t<div class=\"elementor-element elementor-element-2a05c1f elementor-align-center elementor-widget elementor-widget-button\" data-id=\"2a05c1f\" data-element_type=\"widget\" data-e-type=\"widget\" data-widget_type=\"button.default\">\n\t\t\t\t<div class=\"elementor-widget-container\">\n\t\t\t\t\t\t\t\t\t<div class=\"elementor-button-wrapper\">\n\t\t\t\t\t<a class=\"elementor-button elementor-button-link elementor-size-sm\" href=\"https:\/\/docs.google.com\/spreadsheets\/d\/1093DG0qUKu0QhavblnHeAoXAmB-Zt5w81vQgeXe0kME\/edit?usp=sharing\">\n\t\t\t\t\t\t<span class=\"elementor-button-content-wrapper\">\n\t\t\t\t\t\t\t\t\t<span class=\"elementor-button-text\">Inscription<\/span>\n\t\t\t\t\t<\/span>\n\t\t\t\t\t<\/a>\n\t\t\t\t<\/div>\n\t\t\t\t\t\t\t\t<\/div>\n\t\t\t\t<\/div>\n\t\t\t\t\t<\/div>\n\t\t\t\t<\/div>\n\t\t\t\t<\/div>\n\t\t","protected":false},"excerpt":{"rendered":"<p>Pour celles et ceux qui veulent participer aux cours intensifs du mois d&rsquo;avril 2026 un tarif n\u00e9goci\u00e9 avec l&rsquo;hotel B&amp;B Caluire Cit\u00e9 Internationale est disponible. Tarifs 69\u20ac \/ Chambre \/ [&hellip;]<\/p>\n","protected":false},"author":1,"featured_media":0,"parent":0,"menu_order":0,"comment_status":"closed","ping_status":"closed","template":"","meta":{"footnotes":""},"class_list":["post-464","page","type-page","status-publish","hentry"],"yoast_head":"<!-- This site is optimized with the Yoast SEO plugin v27.3 - https:\/\/yoast.com\/product\/yoast-seo-wordpress\/ -->\n<title>Cours intensifs - Math\u00e9matiques discr\u00e8tes<\/title>\n<meta name=\"robots\" content=\"index, follow, max-snippet:-1, max-image-preview:large, max-video-preview:-1\" \/>\n<link rel=\"canonical\" href=\"https:\/\/mathematiquesdiscretes.fr\/index.php\/cours-intensifs\/\" \/>\n<meta property=\"og:locale\" content=\"fr_FR\" \/>\n<meta property=\"og:type\" content=\"article\" \/>\n<meta property=\"og:title\" content=\"Cours intensifs - Math\u00e9matiques discr\u00e8tes\" \/>\n<meta property=\"og:description\" content=\"Pour celles et ceux qui veulent participer aux cours intensifs du mois d&rsquo;avril 2026 un tarif n\u00e9goci\u00e9 avec l&rsquo;hotel B&amp;B Caluire Cit\u00e9 Internationale est disponible. Tarifs 69\u20ac \/ Chambre \/ [&hellip;]\" \/>\n<meta property=\"og:url\" content=\"https:\/\/mathematiquesdiscretes.fr\/index.php\/cours-intensifs\/\" \/>\n<meta property=\"og:site_name\" content=\"Math\u00e9matiques discr\u00e8tes\" \/>\n<meta property=\"article:modified_time\" content=\"2026-02-07T08:12:27+00:00\" \/>\n<meta name=\"twitter:card\" content=\"summary_large_image\" \/>\n<meta name=\"twitter:label1\" content=\"Dur\u00e9e de lecture estim\u00e9e\" \/>\n\t<meta name=\"twitter:data1\" content=\"1 minute\" \/>\n<script type=\"application\/ld+json\" class=\"yoast-schema-graph\">{\"@context\":\"https:\\\/\\\/schema.org\",\"@graph\":[{\"@type\":\"WebPage\",\"@id\":\"https:\\\/\\\/mathematiquesdiscretes.fr\\\/index.php\\\/cours-intensifs\\\/\",\"url\":\"https:\\\/\\\/mathematiquesdiscretes.fr\\\/index.php\\\/cours-intensifs\\\/\",\"name\":\"Cours intensifs - Math\u00e9matiques discr\u00e8tes\",\"isPartOf\":{\"@id\":\"http:\\\/\\\/mathematiquesdiscretes.fr\\\/#website\"},\"datePublished\":\"2025-02-28T04:38:01+00:00\",\"dateModified\":\"2026-02-07T08:12:27+00:00\",\"breadcrumb\":{\"@id\":\"https:\\\/\\\/mathematiquesdiscretes.fr\\\/index.php\\\/cours-intensifs\\\/#breadcrumb\"},\"inLanguage\":\"fr-FR\",\"potentialAction\":[{\"@type\":\"ReadAction\",\"target\":[\"https:\\\/\\\/mathematiquesdiscretes.fr\\\/index.php\\\/cours-intensifs\\\/\"]}]},{\"@type\":\"BreadcrumbList\",\"@id\":\"https:\\\/\\\/mathematiquesdiscretes.fr\\\/index.php\\\/cours-intensifs\\\/#breadcrumb\",\"itemListElement\":[{\"@type\":\"ListItem\",\"position\":1,\"name\":\"Accueil\",\"item\":\"http:\\\/\\\/mathematiquesdiscretes.fr\\\/\"},{\"@type\":\"ListItem\",\"position\":2,\"name\":\"Cours intensifs\"}]},{\"@type\":\"WebSite\",\"@id\":\"http:\\\/\\\/mathematiquesdiscretes.fr\\\/#website\",\"url\":\"http:\\\/\\\/mathematiquesdiscretes.fr\\\/\",\"name\":\"Math\u00e9matiques discr\u00e8tes\",\"description\":\"Un site utilisant WordPress\",\"publisher\":{\"@id\":\"http:\\\/\\\/mathematiquesdiscretes.fr\\\/#organization\"},\"potentialAction\":[{\"@type\":\"SearchAction\",\"target\":{\"@type\":\"EntryPoint\",\"urlTemplate\":\"http:\\\/\\\/mathematiquesdiscretes.fr\\\/?s={search_term_string}\"},\"query-input\":{\"@type\":\"PropertyValueSpecification\",\"valueRequired\":true,\"valueName\":\"search_term_string\"}}],\"inLanguage\":\"fr-FR\"},{\"@type\":\"Organization\",\"@id\":\"http:\\\/\\\/mathematiquesdiscretes.fr\\\/#organization\",\"name\":\"Math\u00e9matiques discr\u00e8tes\",\"url\":\"http:\\\/\\\/mathematiquesdiscretes.fr\\\/\",\"logo\":{\"@type\":\"ImageObject\",\"inLanguage\":\"fr-FR\",\"@id\":\"http:\\\/\\\/mathematiquesdiscretes.fr\\\/#\\\/schema\\\/logo\\\/image\\\/\",\"url\":\"https:\\\/\\\/mathematiquesdiscretes.fr\\\/wp-content\\\/uploads\\\/2023\\\/10\\\/Sans-titre.png\",\"contentUrl\":\"https:\\\/\\\/mathematiquesdiscretes.fr\\\/wp-content\\\/uploads\\\/2023\\\/10\\\/Sans-titre.png\",\"width\":385,\"height\":336,\"caption\":\"Math\u00e9matiques discr\u00e8tes\"},\"image\":{\"@id\":\"http:\\\/\\\/mathematiquesdiscretes.fr\\\/#\\\/schema\\\/logo\\\/image\\\/\"}}]}<\/script>\n<!-- \/ Yoast SEO plugin. -->","yoast_head_json":{"title":"Cours intensifs - Math\u00e9matiques discr\u00e8tes","robots":{"index":"index","follow":"follow","max-snippet":"max-snippet:-1","max-image-preview":"max-image-preview:large","max-video-preview":"max-video-preview:-1"},"canonical":"https:\/\/mathematiquesdiscretes.fr\/index.php\/cours-intensifs\/","og_locale":"fr_FR","og_type":"article","og_title":"Cours intensifs - Math\u00e9matiques discr\u00e8tes","og_description":"Pour celles et ceux qui veulent participer aux cours intensifs du mois d&rsquo;avril 2026 un tarif n\u00e9goci\u00e9 avec l&rsquo;hotel B&amp;B Caluire Cit\u00e9 Internationale est disponible. Tarifs 69\u20ac \/ Chambre \/ [&hellip;]","og_url":"https:\/\/mathematiquesdiscretes.fr\/index.php\/cours-intensifs\/","og_site_name":"Math\u00e9matiques discr\u00e8tes","article_modified_time":"2026-02-07T08:12:27+00:00","twitter_card":"summary_large_image","twitter_misc":{"Dur\u00e9e de lecture estim\u00e9e":"1 minute"},"schema":{"@context":"https:\/\/schema.org","@graph":[{"@type":"WebPage","@id":"https:\/\/mathematiquesdiscretes.fr\/index.php\/cours-intensifs\/","url":"https:\/\/mathematiquesdiscretes.fr\/index.php\/cours-intensifs\/","name":"Cours intensifs - Math\u00e9matiques discr\u00e8tes","isPartOf":{"@id":"http:\/\/mathematiquesdiscretes.fr\/#website"},"datePublished":"2025-02-28T04:38:01+00:00","dateModified":"2026-02-07T08:12:27+00:00","breadcrumb":{"@id":"https:\/\/mathematiquesdiscretes.fr\/index.php\/cours-intensifs\/#breadcrumb"},"inLanguage":"fr-FR","potentialAction":[{"@type":"ReadAction","target":["https:\/\/mathematiquesdiscretes.fr\/index.php\/cours-intensifs\/"]}]},{"@type":"BreadcrumbList","@id":"https:\/\/mathematiquesdiscretes.fr\/index.php\/cours-intensifs\/#breadcrumb","itemListElement":[{"@type":"ListItem","position":1,"name":"Accueil","item":"http:\/\/mathematiquesdiscretes.fr\/"},{"@type":"ListItem","position":2,"name":"Cours intensifs"}]},{"@type":"WebSite","@id":"http:\/\/mathematiquesdiscretes.fr\/#website","url":"http:\/\/mathematiquesdiscretes.fr\/","name":"Math\u00e9matiques discr\u00e8tes","description":"Un site utilisant WordPress","publisher":{"@id":"http:\/\/mathematiquesdiscretes.fr\/#organization"},"potentialAction":[{"@type":"SearchAction","target":{"@type":"EntryPoint","urlTemplate":"http:\/\/mathematiquesdiscretes.fr\/?s={search_term_string}"},"query-input":{"@type":"PropertyValueSpecification","valueRequired":true,"valueName":"search_term_string"}}],"inLanguage":"fr-FR"},{"@type":"Organization","@id":"http:\/\/mathematiquesdiscretes.fr\/#organization","name":"Math\u00e9matiques discr\u00e8tes","url":"http:\/\/mathematiquesdiscretes.fr\/","logo":{"@type":"ImageObject","inLanguage":"fr-FR","@id":"http:\/\/mathematiquesdiscretes.fr\/#\/schema\/logo\/image\/","url":"https:\/\/mathematiquesdiscretes.fr\/wp-content\/uploads\/2023\/10\/Sans-titre.png","contentUrl":"https:\/\/mathematiquesdiscretes.fr\/wp-content\/uploads\/2023\/10\/Sans-titre.png","width":385,"height":336,"caption":"Math\u00e9matiques discr\u00e8tes"},"image":{"@id":"http:\/\/mathematiquesdiscretes.fr\/#\/schema\/logo\/image\/"}}]}},"_links":{"self":[{"href":"https:\/\/mathematiquesdiscretes.fr\/index.php\/wp-json\/wp\/v2\/pages\/464","targetHints":{"allow":["GET"]}}],"collection":[{"href":"https:\/\/mathematiquesdiscretes.fr\/index.php\/wp-json\/wp\/v2\/pages"}],"about":[{"href":"https:\/\/mathematiquesdiscretes.fr\/index.php\/wp-json\/wp\/v2\/types\/page"}],"author":[{"embeddable":true,"href":"https:\/\/mathematiquesdiscretes.fr\/index.php\/wp-json\/wp\/v2\/users\/1"}],"replies":[{"embeddable":true,"href":"https:\/\/mathematiquesdiscretes.fr\/index.php\/wp-json\/wp\/v2\/comments?post=464"}],"version-history":[{"count":25,"href":"https:\/\/mathematiquesdiscretes.fr\/index.php\/wp-json\/wp\/v2\/pages\/464\/revisions"}],"predecessor-version":[{"id":591,"href":"https:\/\/mathematiquesdiscretes.fr\/index.php\/wp-json\/wp\/v2\/pages\/464\/revisions\/591"}],"wp:attachment":[{"href":"https:\/\/mathematiquesdiscretes.fr\/index.php\/wp-json\/wp\/v2\/media?parent=464"}],"curies":[{"name":"wp","href":"https:\/\/api.w.org\/{rel}","templated":true}]}}