{"id":568,"date":"2025-10-21T08:22:36","date_gmt":"2025-10-21T06:22:36","guid":{"rendered":"https:\/\/mathematiquesdiscretes.fr\/?page_id=568"},"modified":"2025-10-21T08:25:28","modified_gmt":"2025-10-21T06:25:28","slug":"mecenes","status":"publish","type":"page","link":"https:\/\/mathematiquesdiscretes.fr\/index.php\/mecenes\/","title":{"rendered":"M\u00e9c\u00e8nes"},"content":{"rendered":"\t\t<div data-elementor-type=\"wp-page\" data-elementor-id=\"568\" class=\"elementor elementor-568\" data-elementor-post-type=\"page\">\n\t\t\t\t<div class=\"elementor-element elementor-element-d008af0 e-flex e-con-boxed e-con e-parent\" data-id=\"d008af0\" data-element_type=\"container\" data-e-type=\"container\">\n\t\t\t\t\t<div class=\"e-con-inner\">\n\t\t\t\t<div class=\"elementor-element elementor-element-73222d2 elementor-widget elementor-widget-heading\" data-id=\"73222d2\" data-element_type=\"widget\" data-e-type=\"widget\" data-widget_type=\"heading.default\">\n\t\t\t\t<div class=\"elementor-widget-container\">\n\t\t\t\t\t<h2 class=\"elementor-heading-title elementor-size-default\">M\u00e9c\u00e8ne principal<\/h2>\t\t\t\t<\/div>\n\t\t\t\t<\/div>\n\t\t\t\t\t<\/div>\n\t\t\t\t<\/div>\n\t\t<div class=\"elementor-element elementor-element-afeb4a1 e-flex e-con-boxed e-con e-parent\" data-id=\"afeb4a1\" data-element_type=\"container\" data-e-type=\"container\">\n\t\t\t\t\t<div class=\"e-con-inner\">\n\t\t\t\t<div class=\"elementor-element elementor-element-3a56e01 elementor-widget elementor-widget-image\" data-id=\"3a56e01\" data-element_type=\"widget\" data-e-type=\"widget\" data-widget_type=\"image.default\">\n\t\t\t\t<div class=\"elementor-widget-container\">\n\t\t\t\t\t\t\t\t\t\t\t\t\t\t\t<img decoding=\"async\" width=\"300\" height=\"129\" src=\"https:\/\/mathematiquesdiscretes.fr\/wp-content\/uploads\/2025\/08\/Jump-Trading-New-Logo-Red-Black-300x129.jpg\" class=\"attachment-medium size-medium wp-image-524\" alt=\"\" srcset=\"https:\/\/mathematiquesdiscretes.fr\/wp-content\/uploads\/2025\/08\/Jump-Trading-New-Logo-Red-Black-300x129.jpg 300w, https:\/\/mathematiquesdiscretes.fr\/wp-content\/uploads\/2025\/08\/Jump-Trading-New-Logo-Red-Black-1024x439.jpg 1024w, https:\/\/mathematiquesdiscretes.fr\/wp-content\/uploads\/2025\/08\/Jump-Trading-New-Logo-Red-Black-768x329.jpg 768w, https:\/\/mathematiquesdiscretes.fr\/wp-content\/uploads\/2025\/08\/Jump-Trading-New-Logo-Red-Black-1536x658.jpg 1536w, https:\/\/mathematiquesdiscretes.fr\/wp-content\/uploads\/2025\/08\/Jump-Trading-New-Logo-Red-Black-2048x878.jpg 2048w\" sizes=\"(max-width: 300px) 100vw, 300px\" \/>\t\t\t\t\t\t\t\t\t\t\t\t\t\t\t<\/div>\n\t\t\t\t<\/div>\n\t\t\t\t<div class=\"elementor-element elementor-element-f44f582 elementor-widget elementor-widget-text-editor\" data-id=\"f44f582\" data-element_type=\"widget\" data-e-type=\"widget\" data-widget_type=\"text-editor.default\">\n\t\t\t\t<div class=\"elementor-widget-container\">\n\t\t\t\t\t\t\t\t\t<p data-olk-copy-source=\"MessageBody\">Jump Trading est heureux d\u2019apporter son soutien au Club de Math\u00e9matiques Discr\u00e8tes dans sa mission visant \u00e0 promouvoir l\u2019acc\u00e8s \u00e0 l\u2019apprentissage des math\u00e9matiques. Cette contribution permet de financer une partie des frais de participation, du mat\u00e9riel p\u00e9dagogique et des d\u00e9placements des \u00e9l\u00e8ves disposant de ressources limit\u00e9es, ainsi que ceux des enseignants qui animent les sessions.<\/p><p>Dans le cadre de son engagement en faveur de l\u2019\u00e9ducation et de la diffusion des savoirs scientifiques, Jump Trading soutient les initiatives qui encouragent la curiosit\u00e9, la rigueur et l\u2019excellence dans les disciplines STEM (sciences, technologies, ing\u00e9nierie et math\u00e9matiques).<\/p><p class=\"x_MsoNormal\"><i>Jump Trading is excited to support the Club de Maths Discr\u00e8tes in its mission to promote access to mathematical learning. This support contributes to covering participation costs, learning materials, and travel for students with limited resources and for instructors leading sessions.<br \/><u><\/u><u><\/u><\/i><\/p><p class=\"x_MsoNormal\"><i>As part of its broader commitment to education and scientific engagement, Jump Trading encourages initiatives that foster curiosity and excellence in STEM disciplines.<\/i><\/p>\t\t\t\t\t\t\t\t<\/div>\n\t\t\t\t<\/div>\n\t\t\t\t\t<\/div>\n\t\t\t\t<\/div>\n\t\t<div class=\"elementor-element elementor-element-939b7ab e-flex e-con-boxed e-con e-parent\" data-id=\"939b7ab\" data-element_type=\"container\" data-e-type=\"container\">\n\t\t\t\t\t<div class=\"e-con-inner\">\n\t\t\t\t<div class=\"elementor-element elementor-element-d91c621 elementor-widget elementor-widget-heading\" data-id=\"d91c621\" data-element_type=\"widget\" data-e-type=\"widget\" data-widget_type=\"heading.default\">\n\t\t\t\t<div class=\"elementor-widget-container\">\n\t\t\t\t\t<h2 class=\"elementor-heading-title elementor-size-default\">M\u00e9c\u00e8nes<\/h2>\t\t\t\t<\/div>\n\t\t\t\t<\/div>\n\t\t\t\t\t<\/div>\n\t\t\t\t<\/div>\n\t\t<div class=\"elementor-element elementor-element-c84018a e-grid e-con-boxed e-con e-parent\" data-id=\"c84018a\" data-element_type=\"container\" data-e-type=\"container\">\n\t\t\t\t\t<div class=\"e-con-inner\">\n\t\t\t\t<div class=\"elementor-element elementor-element-40d7fd9 elementor-widget elementor-widget-image\" data-id=\"40d7fd9\" data-element_type=\"widget\" data-e-type=\"widget\" data-widget_type=\"image.default\">\n\t\t\t\t<div class=\"elementor-widget-container\">\n\t\t\t\t\t\t\t\t\t\t\t\t\t\t\t<img decoding=\"async\" width=\"300\" height=\"59\" src=\"https:\/\/mathematiquesdiscretes.fr\/wp-content\/uploads\/2025\/10\/thumbnail_image-1-300x59.png\" class=\"attachment-medium size-medium wp-image-570\" alt=\"\" srcset=\"https:\/\/mathematiquesdiscretes.fr\/wp-content\/uploads\/2025\/10\/thumbnail_image-1-300x59.png 300w, https:\/\/mathematiquesdiscretes.fr\/wp-content\/uploads\/2025\/10\/thumbnail_image-1-1024x200.png 1024w, https:\/\/mathematiquesdiscretes.fr\/wp-content\/uploads\/2025\/10\/thumbnail_image-1-768x150.png 768w, https:\/\/mathematiquesdiscretes.fr\/wp-content\/uploads\/2025\/10\/thumbnail_image-1-1536x300.png 1536w, https:\/\/mathematiquesdiscretes.fr\/wp-content\/uploads\/2025\/10\/thumbnail_image-1.png 1683w\" sizes=\"(max-width: 300px) 100vw, 300px\" \/>\t\t\t\t\t\t\t\t\t\t\t\t\t\t\t<\/div>\n\t\t\t\t<\/div>\n\t\t\t\t<div class=\"elementor-element elementor-element-ea39b0f elementor-widget elementor-widget-image\" data-id=\"ea39b0f\" data-element_type=\"widget\" data-e-type=\"widget\" data-widget_type=\"image.default\">\n\t\t\t\t<div class=\"elementor-widget-container\">\n\t\t\t\t\t\t\t\t\t\t\t\t\t\t\t<img decoding=\"async\" width=\"300\" height=\"34\" src=\"https:\/\/mathematiquesdiscretes.fr\/wp-content\/uploads\/2025\/10\/thumbnail_image-300x34.png\" class=\"attachment-medium size-medium wp-image-571\" alt=\"\" srcset=\"https:\/\/mathematiquesdiscretes.fr\/wp-content\/uploads\/2025\/10\/thumbnail_image-300x34.png 300w, https:\/\/mathematiquesdiscretes.fr\/wp-content\/uploads\/2025\/10\/thumbnail_image.png 498w\" sizes=\"(max-width: 300px) 100vw, 300px\" \/>\t\t\t\t\t\t\t\t\t\t\t\t\t\t\t<\/div>\n\t\t\t\t<\/div>\n\t\t\t\t\t<\/div>\n\t\t\t\t<\/div>\n\t\t<div class=\"elementor-element elementor-element-dd88135 e-flex e-con-boxed e-con e-parent\" data-id=\"dd88135\" data-element_type=\"container\" data-e-type=\"container\">\n\t\t\t\t\t<div class=\"e-con-inner\">\n\t\t\t\t<div class=\"elementor-element elementor-element-797cfdc elementor-widget elementor-widget-text-editor\" data-id=\"797cfdc\" data-element_type=\"widget\" data-e-type=\"widget\" data-widget_type=\"text-editor.default\">\n\t\t\t\t<div class=\"elementor-widget-container\">\n\t\t\t\t\t\t\t\t\t<div data-olk-copy-source=\"MessageBody\">Nous tenons \u00e9galement \u00e0 remercier les parents et personnes priv\u00e9es pour leurs dons.<\/div><div>\u00a0<\/div>\t\t\t\t\t\t\t\t<\/div>\n\t\t\t\t<\/div>\n\t\t\t\t\t<\/div>\n\t\t\t\t<\/div>\n\t\t\t\t<\/div>\n\t\t","protected":false},"excerpt":{"rendered":"<p>M\u00e9c\u00e8ne principal Jump Trading est heureux d\u2019apporter son soutien au Club de Math\u00e9matiques Discr\u00e8tes dans sa mission visant \u00e0 promouvoir l\u2019acc\u00e8s \u00e0 l\u2019apprentissage des math\u00e9matiques. Cette contribution permet de financer [&hellip;]<\/p>\n","protected":false},"author":1,"featured_media":0,"parent":0,"menu_order":0,"comment_status":"closed","ping_status":"closed","template":"","meta":{"footnotes":""},"class_list":["post-568","page","type-page","status-publish","hentry"],"yoast_head":"<!-- This site is optimized with the Yoast SEO plugin v27.5 - https:\/\/yoast.com\/product\/yoast-seo-wordpress\/ -->\n<title>M\u00e9c\u00e8nes - Math\u00e9matiques discr\u00e8tes<\/title>\n<meta name=\"robots\" content=\"index, follow, max-snippet:-1, max-image-preview:large, max-video-preview:-1\" \/>\n<link rel=\"canonical\" href=\"http:\/\/mathematiquesdiscretes.fr\/index.php\/mecenes\/\" \/>\n<meta property=\"og:locale\" content=\"fr_FR\" \/>\n<meta property=\"og:type\" content=\"article\" \/>\n<meta property=\"og:title\" content=\"M\u00e9c\u00e8nes - Math\u00e9matiques discr\u00e8tes\" \/>\n<meta property=\"og:description\" content=\"M\u00e9c\u00e8ne principal Jump Trading est heureux d\u2019apporter son soutien au Club de Math\u00e9matiques Discr\u00e8tes dans sa mission visant \u00e0 promouvoir l\u2019acc\u00e8s \u00e0 l\u2019apprentissage des math\u00e9matiques. Cette contribution permet de financer [&hellip;]\" \/>\n<meta property=\"og:url\" content=\"http:\/\/mathematiquesdiscretes.fr\/index.php\/mecenes\/\" \/>\n<meta property=\"og:site_name\" content=\"Math\u00e9matiques discr\u00e8tes\" \/>\n<meta property=\"article:modified_time\" content=\"2025-10-21T06:25:28+00:00\" \/>\n<meta property=\"og:image\" content=\"http:\/\/mathematiquesdiscretes.fr\/wp-content\/uploads\/2025\/08\/Jump-Trading-New-Logo-Red-Black-300x129.jpg\" \/>\n<meta name=\"twitter:card\" content=\"summary_large_image\" \/>\n<meta name=\"twitter:label1\" content=\"Dur\u00e9e de lecture estim\u00e9e\" \/>\n\t<meta name=\"twitter:data1\" content=\"2 minutes\" \/>\n<script type=\"application\/ld+json\" class=\"yoast-schema-graph\">{\"@context\":\"https:\\\/\\\/schema.org\",\"@graph\":[{\"@type\":\"WebPage\",\"@id\":\"http:\\\/\\\/mathematiquesdiscretes.fr\\\/index.php\\\/mecenes\\\/\",\"url\":\"http:\\\/\\\/mathematiquesdiscretes.fr\\\/index.php\\\/mecenes\\\/\",\"name\":\"M\u00e9c\u00e8nes - Math\u00e9matiques discr\u00e8tes\",\"isPartOf\":{\"@id\":\"http:\\\/\\\/mathematiquesdiscretes.fr\\\/#website\"},\"primaryImageOfPage\":{\"@id\":\"http:\\\/\\\/mathematiquesdiscretes.fr\\\/index.php\\\/mecenes\\\/#primaryimage\"},\"image\":{\"@id\":\"http:\\\/\\\/mathematiquesdiscretes.fr\\\/index.php\\\/mecenes\\\/#primaryimage\"},\"thumbnailUrl\":\"http:\\\/\\\/mathematiquesdiscretes.fr\\\/wp-content\\\/uploads\\\/2025\\\/08\\\/Jump-Trading-New-Logo-Red-Black-300x129.jpg\",\"datePublished\":\"2025-10-21T06:22:36+00:00\",\"dateModified\":\"2025-10-21T06:25:28+00:00\",\"breadcrumb\":{\"@id\":\"http:\\\/\\\/mathematiquesdiscretes.fr\\\/index.php\\\/mecenes\\\/#breadcrumb\"},\"inLanguage\":\"fr-FR\",\"potentialAction\":[{\"@type\":\"ReadAction\",\"target\":[\"http:\\\/\\\/mathematiquesdiscretes.fr\\\/index.php\\\/mecenes\\\/\"]}]},{\"@type\":\"ImageObject\",\"inLanguage\":\"fr-FR\",\"@id\":\"http:\\\/\\\/mathematiquesdiscretes.fr\\\/index.php\\\/mecenes\\\/#primaryimage\",\"url\":\"https:\\\/\\\/mathematiquesdiscretes.fr\\\/wp-content\\\/uploads\\\/2025\\\/08\\\/Jump-Trading-New-Logo-Red-Black.jpg\",\"contentUrl\":\"https:\\\/\\\/mathematiquesdiscretes.fr\\\/wp-content\\\/uploads\\\/2025\\\/08\\\/Jump-Trading-New-Logo-Red-Black.jpg\",\"width\":2100,\"height\":900},{\"@type\":\"BreadcrumbList\",\"@id\":\"http:\\\/\\\/mathematiquesdiscretes.fr\\\/index.php\\\/mecenes\\\/#breadcrumb\",\"itemListElement\":[{\"@type\":\"ListItem\",\"position\":1,\"name\":\"Accueil\",\"item\":\"http:\\\/\\\/mathematiquesdiscretes.fr\\\/\"},{\"@type\":\"ListItem\",\"position\":2,\"name\":\"M\u00e9c\u00e8nes\"}]},{\"@type\":\"WebSite\",\"@id\":\"http:\\\/\\\/mathematiquesdiscretes.fr\\\/#website\",\"url\":\"http:\\\/\\\/mathematiquesdiscretes.fr\\\/\",\"name\":\"Math\u00e9matiques discr\u00e8tes\",\"description\":\"Un site utilisant WordPress\",\"publisher\":{\"@id\":\"http:\\\/\\\/mathematiquesdiscretes.fr\\\/#organization\"},\"potentialAction\":[{\"@type\":\"SearchAction\",\"target\":{\"@type\":\"EntryPoint\",\"urlTemplate\":\"http:\\\/\\\/mathematiquesdiscretes.fr\\\/?s={search_term_string}\"},\"query-input\":{\"@type\":\"PropertyValueSpecification\",\"valueRequired\":true,\"valueName\":\"search_term_string\"}}],\"inLanguage\":\"fr-FR\"},{\"@type\":\"Organization\",\"@id\":\"http:\\\/\\\/mathematiquesdiscretes.fr\\\/#organization\",\"name\":\"Math\u00e9matiques discr\u00e8tes\",\"url\":\"http:\\\/\\\/mathematiquesdiscretes.fr\\\/\",\"logo\":{\"@type\":\"ImageObject\",\"inLanguage\":\"fr-FR\",\"@id\":\"http:\\\/\\\/mathematiquesdiscretes.fr\\\/#\\\/schema\\\/logo\\\/image\\\/\",\"url\":\"https:\\\/\\\/mathematiquesdiscretes.fr\\\/wp-content\\\/uploads\\\/2023\\\/10\\\/Sans-titre.png\",\"contentUrl\":\"https:\\\/\\\/mathematiquesdiscretes.fr\\\/wp-content\\\/uploads\\\/2023\\\/10\\\/Sans-titre.png\",\"width\":385,\"height\":336,\"caption\":\"Math\u00e9matiques discr\u00e8tes\"},\"image\":{\"@id\":\"http:\\\/\\\/mathematiquesdiscretes.fr\\\/#\\\/schema\\\/logo\\\/image\\\/\"}}]}<\/script>\n<!-- \/ Yoast SEO plugin. -->","yoast_head_json":{"title":"M\u00e9c\u00e8nes - Math\u00e9matiques discr\u00e8tes","robots":{"index":"index","follow":"follow","max-snippet":"max-snippet:-1","max-image-preview":"max-image-preview:large","max-video-preview":"max-video-preview:-1"},"canonical":"http:\/\/mathematiquesdiscretes.fr\/index.php\/mecenes\/","og_locale":"fr_FR","og_type":"article","og_title":"M\u00e9c\u00e8nes - Math\u00e9matiques discr\u00e8tes","og_description":"M\u00e9c\u00e8ne principal Jump Trading est heureux d\u2019apporter son soutien au Club de Math\u00e9matiques Discr\u00e8tes dans sa mission visant \u00e0 promouvoir l\u2019acc\u00e8s \u00e0 l\u2019apprentissage des math\u00e9matiques. Cette contribution permet de financer [&hellip;]","og_url":"http:\/\/mathematiquesdiscretes.fr\/index.php\/mecenes\/","og_site_name":"Math\u00e9matiques discr\u00e8tes","article_modified_time":"2025-10-21T06:25:28+00:00","og_image":[{"url":"http:\/\/mathematiquesdiscretes.fr\/wp-content\/uploads\/2025\/08\/Jump-Trading-New-Logo-Red-Black-300x129.jpg","type":"","width":"","height":""}],"twitter_card":"summary_large_image","twitter_misc":{"Dur\u00e9e de lecture estim\u00e9e":"2 minutes"},"schema":{"@context":"https:\/\/schema.org","@graph":[{"@type":"WebPage","@id":"http:\/\/mathematiquesdiscretes.fr\/index.php\/mecenes\/","url":"http:\/\/mathematiquesdiscretes.fr\/index.php\/mecenes\/","name":"M\u00e9c\u00e8nes - Math\u00e9matiques discr\u00e8tes","isPartOf":{"@id":"http:\/\/mathematiquesdiscretes.fr\/#website"},"primaryImageOfPage":{"@id":"http:\/\/mathematiquesdiscretes.fr\/index.php\/mecenes\/#primaryimage"},"image":{"@id":"http:\/\/mathematiquesdiscretes.fr\/index.php\/mecenes\/#primaryimage"},"thumbnailUrl":"http:\/\/mathematiquesdiscretes.fr\/wp-content\/uploads\/2025\/08\/Jump-Trading-New-Logo-Red-Black-300x129.jpg","datePublished":"2025-10-21T06:22:36+00:00","dateModified":"2025-10-21T06:25:28+00:00","breadcrumb":{"@id":"http:\/\/mathematiquesdiscretes.fr\/index.php\/mecenes\/#breadcrumb"},"inLanguage":"fr-FR","potentialAction":[{"@type":"ReadAction","target":["http:\/\/mathematiquesdiscretes.fr\/index.php\/mecenes\/"]}]},{"@type":"ImageObject","inLanguage":"fr-FR","@id":"http:\/\/mathematiquesdiscretes.fr\/index.php\/mecenes\/#primaryimage","url":"https:\/\/mathematiquesdiscretes.fr\/wp-content\/uploads\/2025\/08\/Jump-Trading-New-Logo-Red-Black.jpg","contentUrl":"https:\/\/mathematiquesdiscretes.fr\/wp-content\/uploads\/2025\/08\/Jump-Trading-New-Logo-Red-Black.jpg","width":2100,"height":900},{"@type":"BreadcrumbList","@id":"http:\/\/mathematiquesdiscretes.fr\/index.php\/mecenes\/#breadcrumb","itemListElement":[{"@type":"ListItem","position":1,"name":"Accueil","item":"http:\/\/mathematiquesdiscretes.fr\/"},{"@type":"ListItem","position":2,"name":"M\u00e9c\u00e8nes"}]},{"@type":"WebSite","@id":"http:\/\/mathematiquesdiscretes.fr\/#website","url":"http:\/\/mathematiquesdiscretes.fr\/","name":"Math\u00e9matiques discr\u00e8tes","description":"Un site utilisant WordPress","publisher":{"@id":"http:\/\/mathematiquesdiscretes.fr\/#organization"},"potentialAction":[{"@type":"SearchAction","target":{"@type":"EntryPoint","urlTemplate":"http:\/\/mathematiquesdiscretes.fr\/?s={search_term_string}"},"query-input":{"@type":"PropertyValueSpecification","valueRequired":true,"valueName":"search_term_string"}}],"inLanguage":"fr-FR"},{"@type":"Organization","@id":"http:\/\/mathematiquesdiscretes.fr\/#organization","name":"Math\u00e9matiques discr\u00e8tes","url":"http:\/\/mathematiquesdiscretes.fr\/","logo":{"@type":"ImageObject","inLanguage":"fr-FR","@id":"http:\/\/mathematiquesdiscretes.fr\/#\/schema\/logo\/image\/","url":"https:\/\/mathematiquesdiscretes.fr\/wp-content\/uploads\/2023\/10\/Sans-titre.png","contentUrl":"https:\/\/mathematiquesdiscretes.fr\/wp-content\/uploads\/2023\/10\/Sans-titre.png","width":385,"height":336,"caption":"Math\u00e9matiques discr\u00e8tes"},"image":{"@id":"http:\/\/mathematiquesdiscretes.fr\/#\/schema\/logo\/image\/"}}]}},"_links":{"self":[{"href":"https:\/\/mathematiquesdiscretes.fr\/index.php\/wp-json\/wp\/v2\/pages\/568","targetHints":{"allow":["GET"]}}],"collection":[{"href":"https:\/\/mathematiquesdiscretes.fr\/index.php\/wp-json\/wp\/v2\/pages"}],"about":[{"href":"https:\/\/mathematiquesdiscretes.fr\/index.php\/wp-json\/wp\/v2\/types\/page"}],"author":[{"embeddable":true,"href":"https:\/\/mathematiquesdiscretes.fr\/index.php\/wp-json\/wp\/v2\/users\/1"}],"replies":[{"embeddable":true,"href":"https:\/\/mathematiquesdiscretes.fr\/index.php\/wp-json\/wp\/v2\/comments?post=568"}],"version-history":[{"count":7,"href":"https:\/\/mathematiquesdiscretes.fr\/index.php\/wp-json\/wp\/v2\/pages\/568\/revisions"}],"predecessor-version":[{"id":577,"href":"https:\/\/mathematiquesdiscretes.fr\/index.php\/wp-json\/wp\/v2\/pages\/568\/revisions\/577"}],"wp:attachment":[{"href":"https:\/\/mathematiquesdiscretes.fr\/index.php\/wp-json\/wp\/v2\/media?parent=568"}],"curies":[{"name":"wp","href":"https:\/\/api.w.org\/{rel}","templated":true}]}}