{"id":93,"date":"2023-11-05T15:34:36","date_gmt":"2023-11-05T14:34:36","guid":{"rendered":"https:\/\/mathematiquesdiscretes.fr\/?page_id=93"},"modified":"2025-09-01T20:10:14","modified_gmt":"2025-09-01T18:10:14","slug":"les-cours","status":"publish","type":"page","link":"https:\/\/mathematiquesdiscretes.fr\/index.php\/les-cours\/","title":{"rendered":"Les cours"},"content":{"rendered":"\t\t<div data-elementor-type=\"wp-page\" data-elementor-id=\"93\" class=\"elementor elementor-93\" data-elementor-post-type=\"page\">\n\t\t\t\t<div class=\"elementor-element elementor-element-a037096 e-flex e-con-boxed e-con e-parent\" data-id=\"a037096\" data-element_type=\"container\" data-e-type=\"container\">\n\t\t\t\t\t<div class=\"e-con-inner\">\n\t\t<div class=\"elementor-element elementor-element-a46b5fa e-con-full e-flex e-con e-child\" data-id=\"a46b5fa\" data-element_type=\"container\" data-e-type=\"container\">\n\t\t\t\t<div class=\"elementor-element elementor-element-b7b3a3b elementor-widget elementor-widget-text-editor\" data-id=\"b7b3a3b\" data-element_type=\"widget\" data-e-type=\"widget\" data-widget_type=\"text-editor.default\">\n\t\t\t\t<div class=\"elementor-widget-container\">\n\t\t\t\t\t\t\t\t\t<p>En g\u00e9n\u00e9ral, nous essayons de proposer trois niveaux, permettant \u00e0 toutes et \u00e0 tous de commencer facilement, m\u00eame en cours d&rsquo;ann\u00e9e : un groupe d\u00e9butant pour des coll\u00e9giens, de la cinqui\u00e8me \u00e0 la troisi\u00e8me, un groupe interm\u00e9diaire et un groupe avanc\u00e9. Le groupe d\u00e9butant a des horaires r\u00e9duits : les dimanches de 11h30 \u00e0 16h00 avec une pause de 13h30 \u00e0 14h00, et en semaine de 9h00 jusqu&rsquo;\u00e0 17h00, avec beaucoup de pauses. On peut toujours demander par courriel les dates des prochaines s\u00e9ances particuli\u00e8rement accessibles pour des d\u00e9butants. Chaque \u00e9l\u00e9ve est libre, lors de chaque s\u00e9ance, de choisir son groupe favori. M\u00eame en classe de troisi\u00e8me on peut participer dans le groupe avanc\u00e9, mais on progresse plus rapidement dans un groupe o\u00f9 l&rsquo;on fait partie des meilleurs.<\/p>\t\t\t\t\t\t\t\t<\/div>\n\t\t\t\t<\/div>\n\t\t\t\t<\/div>\n\t\t<div class=\"elementor-element elementor-element-f0bdb7e e-con-full e-flex e-con e-child\" data-id=\"f0bdb7e\" data-element_type=\"container\" data-e-type=\"container\">\n\t\t\t\t<div class=\"elementor-element elementor-element-7871920 elementor-widget elementor-widget-image\" data-id=\"7871920\" data-element_type=\"widget\" data-e-type=\"widget\" data-widget_type=\"image.default\">\n\t\t\t\t<div class=\"elementor-widget-container\">\n\t\t\t\t\t\t\t\t\t\t\t\t\t\t\t<img fetchpriority=\"high\" decoding=\"async\" width=\"800\" height=\"600\" src=\"https:\/\/mathematiquesdiscretes.fr\/wp-content\/uploads\/2023\/11\/IMG_8761-1024x768.jpeg\" class=\"attachment-large size-large wp-image-115\" alt=\"\" srcset=\"https:\/\/mathematiquesdiscretes.fr\/wp-content\/uploads\/2023\/11\/IMG_8761-1024x768.jpeg 1024w, https:\/\/mathematiquesdiscretes.fr\/wp-content\/uploads\/2023\/11\/IMG_8761-300x225.jpeg 300w, https:\/\/mathematiquesdiscretes.fr\/wp-content\/uploads\/2023\/11\/IMG_8761-768x576.jpeg 768w, https:\/\/mathematiquesdiscretes.fr\/wp-content\/uploads\/2023\/11\/IMG_8761-1536x1152.jpeg 1536w, https:\/\/mathematiquesdiscretes.fr\/wp-content\/uploads\/2023\/11\/IMG_8761-2048x1536.jpeg 2048w\" sizes=\"(max-width: 800px) 100vw, 800px\" \/>\t\t\t\t\t\t\t\t\t\t\t\t\t\t\t<\/div>\n\t\t\t\t<\/div>\n\t\t\t\t<\/div>\n\t\t\t\t\t<\/div>\n\t\t\t\t<\/div>\n\t\t<div class=\"elementor-element elementor-element-039bf96 e-flex e-con-boxed e-con e-parent\" data-id=\"039bf96\" data-element_type=\"container\" data-e-type=\"container\">\n\t\t\t\t\t<div class=\"e-con-inner\">\n\t\t<div class=\"elementor-element elementor-element-148a4ad e-con-full e-flex e-con e-child\" data-id=\"148a4ad\" data-element_type=\"container\" data-e-type=\"container\">\n\t\t\t\t<div class=\"elementor-element elementor-element-128dd95 elementor-widget elementor-widget-image\" data-id=\"128dd95\" data-element_type=\"widget\" data-e-type=\"widget\" data-widget_type=\"image.default\">\n\t\t\t\t<div class=\"elementor-widget-container\">\n\t\t\t\t\t\t\t\t\t\t\t\t\t\t\t<img decoding=\"async\" width=\"800\" height=\"600\" src=\"https:\/\/mathematiquesdiscretes.fr\/wp-content\/uploads\/2023\/11\/IMG_8576-1024x768.jpeg\" class=\"attachment-large size-large wp-image-116\" alt=\"\" srcset=\"https:\/\/mathematiquesdiscretes.fr\/wp-content\/uploads\/2023\/11\/IMG_8576-1024x768.jpeg 1024w, https:\/\/mathematiquesdiscretes.fr\/wp-content\/uploads\/2023\/11\/IMG_8576-300x225.jpeg 300w, https:\/\/mathematiquesdiscretes.fr\/wp-content\/uploads\/2023\/11\/IMG_8576-768x576.jpeg 768w, https:\/\/mathematiquesdiscretes.fr\/wp-content\/uploads\/2023\/11\/IMG_8576-1536x1152.jpeg 1536w, https:\/\/mathematiquesdiscretes.fr\/wp-content\/uploads\/2023\/11\/IMG_8576-2048x1536.jpeg 2048w\" sizes=\"(max-width: 800px) 100vw, 800px\" \/>\t\t\t\t\t\t\t\t\t\t\t\t\t\t\t<\/div>\n\t\t\t\t<\/div>\n\t\t\t\t<\/div>\n\t\t<div class=\"elementor-element elementor-element-fdc571d e-con-full e-flex e-con e-child\" data-id=\"fdc571d\" data-element_type=\"container\" data-e-type=\"container\">\n\t\t\t\t<div class=\"elementor-element elementor-element-92bbeab elementor-widget elementor-widget-text-editor\" data-id=\"92bbeab\" data-element_type=\"widget\" data-e-type=\"widget\" data-widget_type=\"text-editor.default\">\n\t\t\t\t<div class=\"elementor-widget-container\">\n\t\t\t\t\t\t\t\t\t<p>Les dimanches, les cours se d\u00e9roulent dans le b\u00e2timent de l&rsquo;ENS de Lyon au quatri\u00e8me \u00e9tage. Le rendez-vous est \u00e0 l&rsquo;accueil sous l&rsquo;arche en face de l&rsquo;entr\u00e9e. Depuis la gare de la Part-Dieu ou depuis la gare Jean Mac\u00e9, prendre le m\u00e9tro ligne B (bleue), direction h\u00f4pital Lyon-Sud, jusqu&rsquo;\u00e0 l&rsquo;arr\u00eat Debourg. Depuis la gare Perrache, prendre la ligne de tram\u00a0T1 jusqu&rsquo;\u00e0 l&rsquo;arr\u00eat Debourg (son terminus). Enfin, il faut regarder soigneusement la\u00a0<a href=\"http:\/\/www.umpa.ens-lyon.fr\/umpa\/contact-et-acces\">page officielle d&rsquo;acc\u00e8s \u00e0 l&rsquo;ENS-Lyon<\/a>\u00a0et la\u00a0<a href=\"http:\/\/perso.ens-lyon.fr\/gaboriau\/Acces\/\">page d\u00e9taill\u00e9e d&rsquo;acc\u00e8s \u00e0 l&rsquo;ENS-Lyon<\/a>.<\/p><p>En semaine les cours se d\u00e9roulent \u00e0 l&rsquo;ICJ (Institut Camille Jordan) dans le b\u00e2timent des math\u00e9matiques dit\u00a0<a href=\"https:\/\/www.univ-lyon1.fr\/campus\/plan-des-campus\/batiment-braconnier\">BRACONNIER<\/a>\u00a0de l&rsquo;Universit\u00e9 Claude Bernard Lyon\u00a01 au premier \u00e9tage, ou au LIRIS dans le b\u00e2timent de l&rsquo;informatique dit\u00a0<a href=\"https:\/\/www.univ-lyon1.fr\/campus\/plan-des-campus\/batiment-nautibus\">NAUTIBUS<\/a>\u00a0au rez-de-chauss\u00e9e, ou dans un autre b\u00e2timent de l&rsquo;universit\u00e9 annonc\u00e9 par courriel, notamment dans le b\u00e2timent\u00a0<a href=\"https:\/\/www.univ-lyon1.fr\/campus\/plan-des-campus\/batiment-themis\">THEMIS<\/a>. Le rendez-vous est fix\u00e9 \u00e0 l&rsquo;heure pr\u00e9cise du d\u00e9but du cours, \u00e0 l&rsquo;arr\u00eat \u00abUniversit\u00e9 Lyon\u00a01\u00bb de la ligne de tram\u00a0T1 et T4 ou directement dans les salles de cours annonc\u00e9es par courriel, notamment THEMIS 7, 8, 9, 10, 11, 58, 69, 70, 71. Depuis la gare de la Part-Dieu (recommand\u00e9) : prendre la sortie \u00abVivier Merle\u00bb (ouest) et prendre la ligne de tram\u00a0T1 (direction nord : IUT Feyssine) ou bien prendre la sortie \u00abPorte Alpes\u00bb (est : rue de la Villette) et prendre la ligne de tram\u00a0T4 (direction nord : La Doua Gaston Berger) :\u00a0<a href=\"http:\/\/math.univ-lyon1.fr\/irem\/spip.php?rubrique21\">Acc\u00e8s \u00e0 l&rsquo;Institut Camille Jordan<\/a>.<\/p><p>En semaine il est possible de d\u00e9jeuner au restaurant universitaire, mais les dimanches chacun doit apporter son pique-nique pour la pause (de 14h45 \u00e0 15h15 pour le groupe avanc\u00e9 et pour le groupe interm\u00e9diaire).<\/p>\t\t\t\t\t\t\t\t<\/div>\n\t\t\t\t<\/div>\n\t\t\t\t<\/div>\n\t\t\t\t\t<\/div>\n\t\t\t\t<\/div>\n\t\t<div class=\"elementor-element elementor-element-f5877dc e-grid e-con-boxed e-con e-parent\" data-id=\"f5877dc\" data-element_type=\"container\" data-e-type=\"container\">\n\t\t\t\t\t<div class=\"e-con-inner\">\n\t\t\t\t<div class=\"elementor-element elementor-element-54f9c3b elementor-widget elementor-widget-html\" data-id=\"54f9c3b\" data-element_type=\"widget\" data-e-type=\"widget\" data-widget_type=\"html.default\">\n\t\t\t\t<div class=\"elementor-widget-container\">\n\t\t\t\t\t<iframe allowfullscreen width=100% height=140px src=\"https:\/\/www.rcf.fr\/actualite\/linvite-de-m-comme-midi-rcf-lyon\/embed?episodeId=608631\"><\/iframe>\t\t\t\t<\/div>\n\t\t\t\t<\/div>\n\t\t\t\t<div class=\"elementor-element elementor-element-bf814ab elementor-widget elementor-widget-text-editor\" data-id=\"bf814ab\" data-element_type=\"widget\" data-e-type=\"widget\" data-widget_type=\"text-editor.default\">\n\t\t\t\t<div class=\"elementor-widget-container\">\n\t\t\t\t\t\t\t\t\t<p><span style=\"text-decoration: underline;\"><span style=\"color: #000000; text-decoration: underline;\">Ecouter l&rsquo;interview de Bodo Lass pour mieux comprendre les cours et les groupes<\/span><\/span><\/p>\t\t\t\t\t\t\t\t<\/div>\n\t\t\t\t<\/div>\n\t\t\t\t\t<\/div>\n\t\t\t\t<\/div>\n\t\t<div class=\"elementor-element elementor-element-daec467 e-flex e-con-boxed e-con e-parent\" data-id=\"daec467\" data-element_type=\"container\" data-e-type=\"container\">\n\t\t\t\t\t<div class=\"e-con-inner\">\n\t\t\t\t<div class=\"elementor-element elementor-element-6e20b5e elementor-widget elementor-widget-text-editor\" data-id=\"6e20b5e\" data-element_type=\"widget\" data-e-type=\"widget\" data-widget_type=\"text-editor.default\">\n\t\t\t\t<div class=\"elementor-widget-container\">\n\t\t\t\t\t\t\t\t\t<p>La participation est enti\u00e8rement gratuite, mais il faut s&rsquo;inscrire avant de venir pour la premi\u00e8re fois (au moins 12 heures avant la premi\u00e8re participation, mais de pr\u00e9f\u00e9rence le plus t\u00f4t possible). La pr\u00e9sence \u00e0 toutes les s\u00e9ances n&rsquo;est point obligatoire apr\u00e8s inscription, et il est tout \u00e0 fait possible de ne venir qu&rsquo;une fois, m\u00eame en cours d&rsquo;ann\u00e9e, pour essayer et se faire une id\u00e9e, mais les sujets abord\u00e9s, leur difficult\u00e9 et les enseignants peuvent varier fortement d&rsquo;une s\u00e9ance \u00e0 l&rsquo;autre, et il faut de toute fa\u00e7on un peu de pers\u00e9v\u00e9rance. Apr\u00e8s une premi\u00e8re inscription, il n&rsquo;est pas n\u00e9cessaire de se r\u00e9inscrire.\u00a0<\/p><p>On peut minimiser les frais de voyage gr\u00e2ce aux tarifs <a href=\"https:\/\/www.ter.sncf.com\/auvergne-rhone-alpes\/tarifs-cartes\/cartes-reduction\/illico-liberte-jeunes\">ILLICO LIBERT\u00c9 JEUNES<\/a>, <a href=\"https:\/\/www.sncf-voyageurs.com\/fr\/voyagez-avec-nous\/en-france\/tarifs-grandes-lignes\/carte-avantage\/carte-avantage-jeune\/\">AVANTAGE JEUNE<\/a>, <a href=\"https:\/\/www.sncf-voyageurs.com\/fr\/voyagez-avec-nous\/en-france\/tarifs-grandes-lignes\/eleves-etudiants-et-apprentis\/\">\u00c9L\u00c8VE-\u00c9TUDIANT-APPRENTI<\/a>, etc.<\/p>\t\t\t\t\t\t\t\t<\/div>\n\t\t\t\t<\/div>\n\t\t\t\t\t<\/div>\n\t\t\t\t<\/div>\n\t\t<div class=\"elementor-element elementor-element-3821ef3 e-flex e-con-boxed e-con e-parent\" data-id=\"3821ef3\" data-element_type=\"container\" data-e-type=\"container\">\n\t\t\t\t\t<div class=\"e-con-inner\">\n\t\t\t\t<div class=\"elementor-element elementor-element-6b17b51 elementor-position-inline-start elementor-view-default elementor-mobile-position-block-start elementor-widget elementor-widget-icon-box\" data-id=\"6b17b51\" data-element_type=\"widget\" data-e-type=\"widget\" data-widget_type=\"icon-box.default\">\n\t\t\t\t<div class=\"elementor-widget-container\">\n\t\t\t\t\t\t\t<div class=\"elementor-icon-box-wrapper\">\n\n\t\t\t\t\t\t<div class=\"elementor-icon-box-icon\">\n\t\t\t\t<a href=\"https:\/\/mathematiquesdiscretes.fr\/index.php\/inscriptions\/\" class=\"elementor-icon\" tabindex=\"-1\" aria-label=\"S&#039;inscrire\">\n\t\t\t\t<i aria-hidden=\"true\" class=\"fab fa-wpforms\"><\/i>\t\t\t\t<\/a>\n\t\t\t<\/div>\n\t\t\t\n\t\t\t\t\t\t<div class=\"elementor-icon-box-content\">\n\n\t\t\t\t\t\t\t\t\t<h3 class=\"elementor-icon-box-title\">\n\t\t\t\t\t\t<a href=\"https:\/\/mathematiquesdiscretes.fr\/index.php\/inscriptions\/\" >\n\t\t\t\t\t\t\tS'inscrire\t\t\t\t\t\t<\/a>\n\t\t\t\t\t<\/h3>\n\t\t\t\t\n\t\t\t\t\n\t\t\t<\/div>\n\t\t\t\n\t\t<\/div>\n\t\t\t\t\t\t<\/div>\n\t\t\t\t<\/div>\n\t\t\t\t\t<\/div>\n\t\t\t\t<\/div>\n\t\t<div class=\"elementor-element elementor-element-e1a67a9 e-flex e-con-boxed e-con e-parent\" data-id=\"e1a67a9\" data-element_type=\"container\" data-e-type=\"container\">\n\t\t\t\t\t<div class=\"e-con-inner\">\n\t\t<div class=\"elementor-element elementor-element-141d68e e-con-full e-flex e-con e-child\" data-id=\"141d68e\" data-element_type=\"container\" data-e-type=\"container\">\n\t\t\t\t<div class=\"elementor-element elementor-element-ee8562a elementor-widget elementor-widget-heading\" data-id=\"ee8562a\" data-element_type=\"widget\" data-e-type=\"widget\" data-widget_type=\"heading.default\">\n\t\t\t\t<div class=\"elementor-widget-container\">\n\t\t\t\t\t<h3 class=\"elementor-heading-title elementor-size-default\">Cours en semaine - Institut Camille Jordan<\/h3>\t\t\t\t<\/div>\n\t\t\t\t<\/div>\n\t\t\t\t<div class=\"elementor-element elementor-element-3e36d74 elementor-widget elementor-widget-google_maps\" data-id=\"3e36d74\" data-element_type=\"widget\" data-e-type=\"widget\" data-widget_type=\"google_maps.default\">\n\t\t\t\t<div class=\"elementor-widget-container\">\n\t\t\t\t\t\t\t<div class=\"elementor-custom-embed\">\n\t\t\t<iframe loading=\"lazy\"\n\t\t\t\t\tsrc=\"https:\/\/maps.google.com\/maps?q=Institut%20Camille%20Jordan%20doua&#038;t=m&#038;z=14&#038;output=embed&#038;iwloc=near\"\n\t\t\t\t\ttitle=\"Institut Camille Jordan doua\"\n\t\t\t\t\taria-label=\"Institut Camille Jordan doua\"\n\t\t\t><\/iframe>\n\t\t<\/div>\n\t\t\t\t\t\t<\/div>\n\t\t\t\t<\/div>\n\t\t\t\t<div class=\"elementor-element elementor-element-066cf27 elementor-widget elementor-widget-text-editor\" data-id=\"066cf27\" data-element_type=\"widget\" data-e-type=\"widget\" data-widget_type=\"text-editor.default\">\n\t\t\t\t<div class=\"elementor-widget-container\">\n\t\t\t\t\t\t\t\t\t<p>Tram T1 \/ T4- Arr\u00eat Universit\u00e9 Lyon 1<\/p><p>B\u00e2timent des math\u00e9matiques dit BRACONNIER de l&rsquo;Universit\u00e9 Claude Bernard Lyon 1 au premier \u00e9tage, ou au LIRIS dans le b\u00e2timent de l&rsquo;informatique dit NAUTIBUS au rez-de-chauss\u00e9e<\/p>\t\t\t\t\t\t\t\t<\/div>\n\t\t\t\t<\/div>\n\t\t\t\t<\/div>\n\t\t<div class=\"elementor-element elementor-element-18cf13d e-con-full e-flex e-con e-child\" data-id=\"18cf13d\" data-element_type=\"container\" data-e-type=\"container\">\n\t\t\t\t<div class=\"elementor-element elementor-element-e6bbb7d elementor-widget elementor-widget-heading\" data-id=\"e6bbb7d\" data-element_type=\"widget\" data-e-type=\"widget\" data-widget_type=\"heading.default\">\n\t\t\t\t<div class=\"elementor-widget-container\">\n\t\t\t\t\t<h3 class=\"elementor-heading-title elementor-size-default\">Cours en WE - ENS Lyon \/ site Monod<\/h3>\t\t\t\t<\/div>\n\t\t\t\t<\/div>\n\t\t\t\t<div class=\"elementor-element elementor-element-6e79500 elementor-widget elementor-widget-google_maps\" data-id=\"6e79500\" data-element_type=\"widget\" data-e-type=\"widget\" data-widget_type=\"google_maps.default\">\n\t\t\t\t<div class=\"elementor-widget-container\">\n\t\t\t\t\t\t\t<div class=\"elementor-custom-embed\">\n\t\t\t<iframe loading=\"lazy\"\n\t\t\t\t\tsrc=\"https:\/\/maps.google.com\/maps?q=Ecole%20normal%20sup%C3%A9rieur%20site%20jacques%20monot&#038;t=m&#038;z=16&#038;output=embed&#038;iwloc=near\"\n\t\t\t\t\ttitle=\"Ecole normal sup\u00e9rieur site jacques monot\"\n\t\t\t\t\taria-label=\"Ecole normal sup\u00e9rieur site jacques monot\"\n\t\t\t><\/iframe>\n\t\t<\/div>\n\t\t\t\t\t\t<\/div>\n\t\t\t\t<\/div>\n\t\t\t\t<div class=\"elementor-element elementor-element-5cbb698 elementor-widget elementor-widget-text-editor\" data-id=\"5cbb698\" data-element_type=\"widget\" data-e-type=\"widget\" data-widget_type=\"text-editor.default\">\n\t\t\t\t<div class=\"elementor-widget-container\">\n\t\t\t\t\t\t\t\t\t<p>Metro B \/ Tram T1 &#8211; Arr\u00eat Debourg<\/p><p>Rendez-vous est \u00e0 l&rsquo;accueil sous l&rsquo;arche en face de l&rsquo;entr\u00e9e &#8211; <a href=\"https:\/\/perso.ens-lyon.fr\/gaboriau\/Acces\/\">Plan<\/a><\/p>\t\t\t\t\t\t\t\t<\/div>\n\t\t\t\t<\/div>\n\t\t\t\t<\/div>\n\t\t\t\t\t<\/div>\n\t\t\t\t<\/div>\n\t\t\t\t<\/div>\n\t\t","protected":false},"excerpt":{"rendered":"<p>En g\u00e9n\u00e9ral, nous essayons de proposer trois niveaux, permettant \u00e0 toutes et \u00e0 tous de commencer facilement, m\u00eame en cours d&rsquo;ann\u00e9e : un groupe d\u00e9butant pour des coll\u00e9giens, de la [&hellip;]<\/p>\n","protected":false},"author":1,"featured_media":0,"parent":0,"menu_order":0,"comment_status":"closed","ping_status":"closed","template":"","meta":{"footnotes":""},"class_list":["post-93","page","type-page","status-publish","hentry"],"yoast_head":"<!-- This site is optimized with the Yoast SEO plugin v27.4 - https:\/\/yoast.com\/product\/yoast-seo-wordpress\/ -->\n<title>Les cours - Math\u00e9matiques discr\u00e8tes<\/title>\n<meta name=\"robots\" content=\"index, follow, max-snippet:-1, max-image-preview:large, max-video-preview:-1\" \/>\n<link rel=\"canonical\" href=\"https:\/\/mathematiquesdiscretes.fr\/index.php\/les-cours\/\" \/>\n<meta property=\"og:locale\" content=\"fr_FR\" \/>\n<meta property=\"og:type\" content=\"article\" \/>\n<meta property=\"og:title\" content=\"Les cours - Math\u00e9matiques discr\u00e8tes\" \/>\n<meta property=\"og:description\" content=\"En g\u00e9n\u00e9ral, nous essayons de proposer trois niveaux, permettant \u00e0 toutes et \u00e0 tous de commencer facilement, m\u00eame en cours d&rsquo;ann\u00e9e : un groupe d\u00e9butant pour des coll\u00e9giens, de la [&hellip;]\" \/>\n<meta property=\"og:url\" content=\"https:\/\/mathematiquesdiscretes.fr\/index.php\/les-cours\/\" \/>\n<meta property=\"og:site_name\" content=\"Math\u00e9matiques discr\u00e8tes\" \/>\n<meta property=\"article:modified_time\" content=\"2025-09-01T18:10:14+00:00\" \/>\n<meta property=\"og:image\" content=\"http:\/\/mathematiquesdiscretes.fr\/wp-content\/uploads\/2023\/11\/IMG_8761-1024x768.jpeg\" \/>\n<meta name=\"twitter:card\" content=\"summary_large_image\" \/>\n<meta name=\"twitter:label1\" content=\"Dur\u00e9e de lecture estim\u00e9e\" \/>\n\t<meta name=\"twitter:data1\" content=\"4 minutes\" \/>\n<script type=\"application\/ld+json\" class=\"yoast-schema-graph\">{\"@context\":\"https:\\\/\\\/schema.org\",\"@graph\":[{\"@type\":\"WebPage\",\"@id\":\"https:\\\/\\\/mathematiquesdiscretes.fr\\\/index.php\\\/les-cours\\\/\",\"url\":\"https:\\\/\\\/mathematiquesdiscretes.fr\\\/index.php\\\/les-cours\\\/\",\"name\":\"Les cours - Math\u00e9matiques discr\u00e8tes\",\"isPartOf\":{\"@id\":\"http:\\\/\\\/mathematiquesdiscretes.fr\\\/#website\"},\"primaryImageOfPage\":{\"@id\":\"https:\\\/\\\/mathematiquesdiscretes.fr\\\/index.php\\\/les-cours\\\/#primaryimage\"},\"image\":{\"@id\":\"https:\\\/\\\/mathematiquesdiscretes.fr\\\/index.php\\\/les-cours\\\/#primaryimage\"},\"thumbnailUrl\":\"http:\\\/\\\/mathematiquesdiscretes.fr\\\/wp-content\\\/uploads\\\/2023\\\/11\\\/IMG_8761-1024x768.jpeg\",\"datePublished\":\"2023-11-05T14:34:36+00:00\",\"dateModified\":\"2025-09-01T18:10:14+00:00\",\"breadcrumb\":{\"@id\":\"https:\\\/\\\/mathematiquesdiscretes.fr\\\/index.php\\\/les-cours\\\/#breadcrumb\"},\"inLanguage\":\"fr-FR\",\"potentialAction\":[{\"@type\":\"ReadAction\",\"target\":[\"https:\\\/\\\/mathematiquesdiscretes.fr\\\/index.php\\\/les-cours\\\/\"]}]},{\"@type\":\"ImageObject\",\"inLanguage\":\"fr-FR\",\"@id\":\"https:\\\/\\\/mathematiquesdiscretes.fr\\\/index.php\\\/les-cours\\\/#primaryimage\",\"url\":\"http:\\\/\\\/mathematiquesdiscretes.fr\\\/wp-content\\\/uploads\\\/2023\\\/11\\\/IMG_8761-1024x768.jpeg\",\"contentUrl\":\"http:\\\/\\\/mathematiquesdiscretes.fr\\\/wp-content\\\/uploads\\\/2023\\\/11\\\/IMG_8761-1024x768.jpeg\"},{\"@type\":\"BreadcrumbList\",\"@id\":\"https:\\\/\\\/mathematiquesdiscretes.fr\\\/index.php\\\/les-cours\\\/#breadcrumb\",\"itemListElement\":[{\"@type\":\"ListItem\",\"position\":1,\"name\":\"Accueil\",\"item\":\"http:\\\/\\\/mathematiquesdiscretes.fr\\\/\"},{\"@type\":\"ListItem\",\"position\":2,\"name\":\"Les cours\"}]},{\"@type\":\"WebSite\",\"@id\":\"http:\\\/\\\/mathematiquesdiscretes.fr\\\/#website\",\"url\":\"http:\\\/\\\/mathematiquesdiscretes.fr\\\/\",\"name\":\"Math\u00e9matiques discr\u00e8tes\",\"description\":\"Un site utilisant WordPress\",\"publisher\":{\"@id\":\"http:\\\/\\\/mathematiquesdiscretes.fr\\\/#organization\"},\"potentialAction\":[{\"@type\":\"SearchAction\",\"target\":{\"@type\":\"EntryPoint\",\"urlTemplate\":\"http:\\\/\\\/mathematiquesdiscretes.fr\\\/?s={search_term_string}\"},\"query-input\":{\"@type\":\"PropertyValueSpecification\",\"valueRequired\":true,\"valueName\":\"search_term_string\"}}],\"inLanguage\":\"fr-FR\"},{\"@type\":\"Organization\",\"@id\":\"http:\\\/\\\/mathematiquesdiscretes.fr\\\/#organization\",\"name\":\"Math\u00e9matiques discr\u00e8tes\",\"url\":\"http:\\\/\\\/mathematiquesdiscretes.fr\\\/\",\"logo\":{\"@type\":\"ImageObject\",\"inLanguage\":\"fr-FR\",\"@id\":\"http:\\\/\\\/mathematiquesdiscretes.fr\\\/#\\\/schema\\\/logo\\\/image\\\/\",\"url\":\"https:\\\/\\\/mathematiquesdiscretes.fr\\\/wp-content\\\/uploads\\\/2023\\\/10\\\/Sans-titre.png\",\"contentUrl\":\"https:\\\/\\\/mathematiquesdiscretes.fr\\\/wp-content\\\/uploads\\\/2023\\\/10\\\/Sans-titre.png\",\"width\":385,\"height\":336,\"caption\":\"Math\u00e9matiques discr\u00e8tes\"},\"image\":{\"@id\":\"http:\\\/\\\/mathematiquesdiscretes.fr\\\/#\\\/schema\\\/logo\\\/image\\\/\"}}]}<\/script>\n<!-- \/ Yoast SEO plugin. -->","yoast_head_json":{"title":"Les cours - Math\u00e9matiques discr\u00e8tes","robots":{"index":"index","follow":"follow","max-snippet":"max-snippet:-1","max-image-preview":"max-image-preview:large","max-video-preview":"max-video-preview:-1"},"canonical":"https:\/\/mathematiquesdiscretes.fr\/index.php\/les-cours\/","og_locale":"fr_FR","og_type":"article","og_title":"Les cours - Math\u00e9matiques discr\u00e8tes","og_description":"En g\u00e9n\u00e9ral, nous essayons de proposer trois niveaux, permettant \u00e0 toutes et \u00e0 tous de commencer facilement, m\u00eame en cours d&rsquo;ann\u00e9e : un groupe d\u00e9butant pour des coll\u00e9giens, de la [&hellip;]","og_url":"https:\/\/mathematiquesdiscretes.fr\/index.php\/les-cours\/","og_site_name":"Math\u00e9matiques discr\u00e8tes","article_modified_time":"2025-09-01T18:10:14+00:00","og_image":[{"url":"http:\/\/mathematiquesdiscretes.fr\/wp-content\/uploads\/2023\/11\/IMG_8761-1024x768.jpeg","type":"","width":"","height":""}],"twitter_card":"summary_large_image","twitter_misc":{"Dur\u00e9e de lecture estim\u00e9e":"4 minutes"},"schema":{"@context":"https:\/\/schema.org","@graph":[{"@type":"WebPage","@id":"https:\/\/mathematiquesdiscretes.fr\/index.php\/les-cours\/","url":"https:\/\/mathematiquesdiscretes.fr\/index.php\/les-cours\/","name":"Les cours - Math\u00e9matiques discr\u00e8tes","isPartOf":{"@id":"http:\/\/mathematiquesdiscretes.fr\/#website"},"primaryImageOfPage":{"@id":"https:\/\/mathematiquesdiscretes.fr\/index.php\/les-cours\/#primaryimage"},"image":{"@id":"https:\/\/mathematiquesdiscretes.fr\/index.php\/les-cours\/#primaryimage"},"thumbnailUrl":"http:\/\/mathematiquesdiscretes.fr\/wp-content\/uploads\/2023\/11\/IMG_8761-1024x768.jpeg","datePublished":"2023-11-05T14:34:36+00:00","dateModified":"2025-09-01T18:10:14+00:00","breadcrumb":{"@id":"https:\/\/mathematiquesdiscretes.fr\/index.php\/les-cours\/#breadcrumb"},"inLanguage":"fr-FR","potentialAction":[{"@type":"ReadAction","target":["https:\/\/mathematiquesdiscretes.fr\/index.php\/les-cours\/"]}]},{"@type":"ImageObject","inLanguage":"fr-FR","@id":"https:\/\/mathematiquesdiscretes.fr\/index.php\/les-cours\/#primaryimage","url":"http:\/\/mathematiquesdiscretes.fr\/wp-content\/uploads\/2023\/11\/IMG_8761-1024x768.jpeg","contentUrl":"http:\/\/mathematiquesdiscretes.fr\/wp-content\/uploads\/2023\/11\/IMG_8761-1024x768.jpeg"},{"@type":"BreadcrumbList","@id":"https:\/\/mathematiquesdiscretes.fr\/index.php\/les-cours\/#breadcrumb","itemListElement":[{"@type":"ListItem","position":1,"name":"Accueil","item":"http:\/\/mathematiquesdiscretes.fr\/"},{"@type":"ListItem","position":2,"name":"Les cours"}]},{"@type":"WebSite","@id":"http:\/\/mathematiquesdiscretes.fr\/#website","url":"http:\/\/mathematiquesdiscretes.fr\/","name":"Math\u00e9matiques discr\u00e8tes","description":"Un site utilisant WordPress","publisher":{"@id":"http:\/\/mathematiquesdiscretes.fr\/#organization"},"potentialAction":[{"@type":"SearchAction","target":{"@type":"EntryPoint","urlTemplate":"http:\/\/mathematiquesdiscretes.fr\/?s={search_term_string}"},"query-input":{"@type":"PropertyValueSpecification","valueRequired":true,"valueName":"search_term_string"}}],"inLanguage":"fr-FR"},{"@type":"Organization","@id":"http:\/\/mathematiquesdiscretes.fr\/#organization","name":"Math\u00e9matiques discr\u00e8tes","url":"http:\/\/mathematiquesdiscretes.fr\/","logo":{"@type":"ImageObject","inLanguage":"fr-FR","@id":"http:\/\/mathematiquesdiscretes.fr\/#\/schema\/logo\/image\/","url":"https:\/\/mathematiquesdiscretes.fr\/wp-content\/uploads\/2023\/10\/Sans-titre.png","contentUrl":"https:\/\/mathematiquesdiscretes.fr\/wp-content\/uploads\/2023\/10\/Sans-titre.png","width":385,"height":336,"caption":"Math\u00e9matiques discr\u00e8tes"},"image":{"@id":"http:\/\/mathematiquesdiscretes.fr\/#\/schema\/logo\/image\/"}}]}},"_links":{"self":[{"href":"https:\/\/mathematiquesdiscretes.fr\/index.php\/wp-json\/wp\/v2\/pages\/93","targetHints":{"allow":["GET"]}}],"collection":[{"href":"https:\/\/mathematiquesdiscretes.fr\/index.php\/wp-json\/wp\/v2\/pages"}],"about":[{"href":"https:\/\/mathematiquesdiscretes.fr\/index.php\/wp-json\/wp\/v2\/types\/page"}],"author":[{"embeddable":true,"href":"https:\/\/mathematiquesdiscretes.fr\/index.php\/wp-json\/wp\/v2\/users\/1"}],"replies":[{"embeddable":true,"href":"https:\/\/mathematiquesdiscretes.fr\/index.php\/wp-json\/wp\/v2\/comments?post=93"}],"version-history":[{"count":52,"href":"https:\/\/mathematiquesdiscretes.fr\/index.php\/wp-json\/wp\/v2\/pages\/93\/revisions"}],"predecessor-version":[{"id":550,"href":"https:\/\/mathematiquesdiscretes.fr\/index.php\/wp-json\/wp\/v2\/pages\/93\/revisions\/550"}],"wp:attachment":[{"href":"https:\/\/mathematiquesdiscretes.fr\/index.php\/wp-json\/wp\/v2\/media?parent=93"}],"curies":[{"name":"wp","href":"https:\/\/api.w.org\/{rel}","templated":true}]}}